{"id":1442,"date":"2025-01-22T23:55:00","date_gmt":"2025-01-22T22:55:00","guid":{"rendered":"https:\/\/innove-it.net\/?page_id=1442"},"modified":"2025-01-28T13:08:44","modified_gmt":"2025-01-28T13:08:44","slug":"gestion","status":"publish","type":"page","link":"https:\/\/innove-it.net\/index.php\/gestion\/","title":{"rendered":"Gestion &#038; Applications"},"content":{"rendered":"\t\t<div data-elementor-type=\"wp-page\" data-elementor-id=\"1442\" class=\"elementor elementor-1442\">\n\t\t\t\t<div class=\"elementor-element elementor-element-6d9994bc e-con-full e-flex e-con e-parent\" data-id=\"6d9994bc\" data-element_type=\"container\" data-settings=\"{&quot;background_background&quot;:&quot;classic&quot;}\">\n\t\t<div class=\"elementor-element elementor-element-7d6b49b7 e-con-full e-flex e-con e-child\" data-id=\"7d6b49b7\" data-element_type=\"container\">\n\t\t\t\t<div class=\"elementor-element elementor-element-3870cf8c elementor-widget elementor-widget-text-editor\" data-id=\"3870cf8c\" data-element_type=\"widget\" data-widget_type=\"text-editor.default\">\n\t\t\t\t<div class=\"elementor-widget-container\">\n\t\t\t\t\t\t\t\t\t<div class=\"flex-shrink-0 flex flex-col relative items-end\"><div><div class=\"pt-0\"><div class=\"gizmo-bot-avatar flex h-8 w-8 items-center justify-center overflow-hidden rounded-full\"><div class=\"relative p-1 rounded-sm flex items-center justify-center bg-token-main-surface-primary text-token-text-primary h-8 w-8\">\u00a0<\/div><\/div><\/div><\/div><\/div><div class=\"group\/conversation-turn relative flex w-full min-w-0 flex-col agent-turn\"><div class=\"flex-col gap-1 md:gap-3\"><div class=\"flex max-w-full flex-col flex-grow\"><div class=\"min-h-8 text-message flex w-full flex-col items-end gap-2 whitespace-normal break-words text-start [.text-message+&amp;]:mt-5\" dir=\"auto\" data-message-author-role=\"assistant\" data-message-id=\"15d1044e-0c06-4d56-94a2-c1c4d7f48759\" data-message-model-slug=\"gpt-4o\"><div class=\"flex w-full flex-col gap-1 empty:hidden first:pt-[3px]\"><div class=\"markdown prose w-full break-words dark:prose-invert light\"><p><strong><span>Notre entreprise est sp\u00e9cialis\u00e9e dans l&rsquo;int\u00e9gration de solutions de gestion performantes pour accompagner les entreprises dans leur croissance.<\/span><\/strong><\/p><\/div><\/div><\/div><\/div><\/div><\/div>\t\t\t\t\t\t\t\t<\/div>\n\t\t\t\t<\/div>\n\t\t\t\t<div class=\"elementor-element elementor-element-61903fd7 elementor-mobile-align-center elementor-widget elementor-widget-button\" data-id=\"61903fd7\" data-element_type=\"widget\" data-widget_type=\"button.default\">\n\t\t\t\t<div class=\"elementor-widget-container\">\n\t\t\t\t\t\t\t\t\t<div class=\"elementor-button-wrapper\">\n\t\t\t\t\t<a class=\"elementor-button elementor-button-link elementor-size-sm\" href=\"https:\/\/innove-it.net\/index.php\/contact\/\">\n\t\t\t\t\t\t<span class=\"elementor-button-content-wrapper\">\n\t\t\t\t\t\t\t\t\t<span class=\"elementor-button-text\">Contact us<\/span>\n\t\t\t\t\t<\/span>\n\t\t\t\t\t<\/a>\n\t\t\t\t<\/div>\n\t\t\t\t\t\t\t\t<\/div>\n\t\t\t\t<\/div>\n\t\t\t\t<\/div>\n\t\t<div class=\"elementor-element elementor-element-11f860b6 e-con-full e-flex e-con e-child\" data-id=\"11f860b6\" data-element_type=\"container\">\n\t\t\t\t<div class=\"elementor-element elementor-element-22c9da88 elementor-widget elementor-widget-image\" data-id=\"22c9da88\" data-element_type=\"widget\" data-widget_type=\"image.default\">\n\t\t\t\t<div class=\"elementor-widget-container\">\n\t\t\t\t\t\t\t\t\t\t\t\t\t\t\t<img fetchpriority=\"high\" decoding=\"async\" width=\"626\" height=\"626\" src=\"https:\/\/innove-it.net\/wp-content\/uploads\/2025\/01\/d5145dbba2f8465d83a9326a5595007d.jpg\" class=\"attachment-large size-large wp-image-1713\" alt=\"\" srcset=\"https:\/\/innove-it.net\/wp-content\/uploads\/2025\/01\/d5145dbba2f8465d83a9326a5595007d.jpg 626w, https:\/\/innove-it.net\/wp-content\/uploads\/2025\/01\/d5145dbba2f8465d83a9326a5595007d-300x300.jpg 300w, https:\/\/innove-it.net\/wp-content\/uploads\/2025\/01\/d5145dbba2f8465d83a9326a5595007d-150x150.jpg 150w\" sizes=\"(max-width: 626px) 100vw, 626px\" \/>\t\t\t\t\t\t\t\t\t\t\t\t\t\t\t<\/div>\n\t\t\t\t<\/div>\n\t\t\t\t<\/div>\n\t\t\t\t<\/div>\n\t\t<div class=\"elementor-element elementor-element-34c64c12 e-flex e-con-boxed e-con e-parent\" data-id=\"34c64c12\" data-element_type=\"container\">\n\t\t\t\t\t<div class=\"e-con-inner\">\n\t\t<div class=\"elementor-element elementor-element-256cc602 e-con-full e-flex e-con e-child\" data-id=\"256cc602\" data-element_type=\"container\">\n\t\t<div class=\"elementor-element elementor-element-386b1e8e e-con-full e-flex e-con e-child\" data-id=\"386b1e8e\" data-element_type=\"container\">\n\t\t\t\t<div class=\"elementor-element elementor-element-7500124c elementor-widget elementor-widget-image\" data-id=\"7500124c\" data-element_type=\"widget\" data-widget_type=\"image.default\">\n\t\t\t\t<div class=\"elementor-widget-container\">\n\t\t\t\t\t\t\t\t\t\t\t\t\t\t\t<img decoding=\"async\" width=\"150\" height=\"57\" src=\"https:\/\/innove-it.net\/wp-content\/uploads\/2025\/01\/INNOVE-IT1-1.png\" class=\"attachment-large size-large wp-image-1651\" alt=\"\" \/>\t\t\t\t\t\t\t\t\t\t\t\t\t\t\t<\/div>\n\t\t\t\t<\/div>\n\t\t\t\t<div class=\"elementor-element elementor-element-5015fcc0 elementor-widget elementor-widget-image\" data-id=\"5015fcc0\" data-element_type=\"widget\" data-widget_type=\"image.default\">\n\t\t\t\t<div class=\"elementor-widget-container\">\n\t\t\t\t\t\t\t\t\t\t\t\t\t\t\t<img decoding=\"async\" width=\"160\" height=\"193\" src=\"https:\/\/innove-it.net\/wp-content\/uploads\/2025\/01\/INNOVE-IT6.png\" class=\"attachment-large size-large wp-image-1656\" alt=\"\" \/>\t\t\t\t\t\t\t\t\t\t\t\t\t\t\t<\/div>\n\t\t\t\t<\/div>\n\t\t\t\t<\/div>\n\t\t<div class=\"elementor-element elementor-element-637d3c18 e-con-full e-flex e-con e-child\" data-id=\"637d3c18\" data-element_type=\"container\">\n\t\t\t\t<div class=\"elementor-element elementor-element-79f13cb7 elementor-widget elementor-widget-image\" data-id=\"79f13cb7\" data-element_type=\"widget\" data-widget_type=\"image.default\">\n\t\t\t\t<div class=\"elementor-widget-container\">\n\t\t\t\t\t\t\t\t\t\t\t\t\t\t\t<img loading=\"lazy\" decoding=\"async\" width=\"122\" height=\"121\" src=\"https:\/\/innove-it.net\/wp-content\/uploads\/2025\/01\/INNOVE-IT2.png\" class=\"attachment-large size-large wp-image-1652\" alt=\"\" \/>\t\t\t\t\t\t\t\t\t\t\t\t\t\t\t<\/div>\n\t\t\t\t<\/div>\n\t\t\t\t<div class=\"elementor-element elementor-element-76cacb9d elementor-widget elementor-widget-image\" data-id=\"76cacb9d\" data-element_type=\"widget\" data-widget_type=\"image.default\">\n\t\t\t\t<div class=\"elementor-widget-container\">\n\t\t\t\t\t\t\t\t\t\t\t\t\t\t\t<img loading=\"lazy\" decoding=\"async\" width=\"258\" height=\"64\" src=\"https:\/\/innove-it.net\/wp-content\/uploads\/2025\/01\/INNOVE-IT3-e1737688977515.png\" class=\"attachment-large size-large wp-image-1653\" alt=\"\" \/>\t\t\t\t\t\t\t\t\t\t\t\t\t\t\t<\/div>\n\t\t\t\t<\/div>\n\t\t\t\t<\/div>\n\t\t\t\t<\/div>\n\t\t<div class=\"elementor-element elementor-element-1a97a865 e-con-full e-flex e-con e-child\" data-id=\"1a97a865\" data-element_type=\"container\">\n\t\t\t\t<div class=\"elementor-element elementor-element-4a3b8cd1 elementor-widget elementor-widget-heading\" data-id=\"4a3b8cd1\" data-element_type=\"widget\" data-widget_type=\"heading.default\">\n\t\t\t\t<div class=\"elementor-widget-container\">\n\t\t\t\t\t<h3 class=\"elementor-heading-title elementor-size-default\">About Us<\/h3>\t\t\t\t<\/div>\n\t\t\t\t<\/div>\n\t\t\t\t<div class=\"elementor-element elementor-element-47c8baab elementor-widget elementor-widget-text-editor\" data-id=\"47c8baab\" data-element_type=\"widget\" data-widget_type=\"text-editor.default\">\n\t\t\t\t<div class=\"elementor-widget-container\">\n\t\t\t\t\t\t\t\t\t<p>Nous proposons une gamme compl\u00e8te de logiciels Sage, couvrant la gestion commerciale, l&rsquo;ERP, le CRM et le reporting. Nos services incluent le param\u00e9trage sur mesure, la formation, l&rsquo;assistance technique et l&rsquo;h\u00e9bergement Cloud, pour garantir une optimisation de vos processus et une gestion simplifi\u00e9e de vos activit\u00e9s.<\/p>\t\t\t\t\t\t\t\t<\/div>\n\t\t\t\t<\/div>\n\t\t\t\t<div class=\"elementor-element elementor-element-4397017f elementor-mobile-align-center elementor-invisible elementor-widget elementor-widget-button\" data-id=\"4397017f\" data-element_type=\"widget\" data-settings=\"{&quot;_animation&quot;:&quot;fadeInDown&quot;}\" data-widget_type=\"button.default\">\n\t\t\t\t<div class=\"elementor-widget-container\">\n\t\t\t\t\t\t\t\t\t<div class=\"elementor-button-wrapper\">\n\t\t\t\t\t<a class=\"elementor-button elementor-button-link elementor-size-sm\" href=\"https:\/\/innove-it.net\/index.php\/contact\/\">\n\t\t\t\t\t\t<span class=\"elementor-button-content-wrapper\">\n\t\t\t\t\t\t\t\t\t<span class=\"elementor-button-text\">Learn more<\/span>\n\t\t\t\t\t<\/span>\n\t\t\t\t\t<\/a>\n\t\t\t\t<\/div>\n\t\t\t\t\t\t\t\t<\/div>\n\t\t\t\t<\/div>\n\t\t\t\t<\/div>\n\t\t\t\t\t<\/div>\n\t\t\t\t<\/div>\n\t\t<div class=\"elementor-element elementor-element-4c56fcb1 e-con-full e-flex e-con e-parent\" data-id=\"4c56fcb1\" data-element_type=\"container\" id=\"next\">\n\t\t\t\t<div class=\"elementor-element elementor-element-2ad068a2 elementor-widget elementor-widget-heading\" data-id=\"2ad068a2\" data-element_type=\"widget\" data-widget_type=\"heading.default\">\n\t\t\t\t<div class=\"elementor-widget-container\">\n\t\t\t\t\t<h3 class=\"elementor-heading-title elementor-size-default\">Our Services<\/h3>\t\t\t\t<\/div>\n\t\t\t\t<\/div>\n\t\t\t\t<div class=\"elementor-element elementor-element-1e2fb4fb elementor-widget elementor-widget-heading\" data-id=\"1e2fb4fb\" data-element_type=\"widget\" data-widget_type=\"heading.default\">\n\t\t\t\t<div class=\"elementor-widget-container\">\n\t\t\t\t\t<p class=\"elementor-heading-title elementor-size-default\">This text briefly introduces visitors to your main services.<\/p>\t\t\t\t<\/div>\n\t\t\t\t<\/div>\n\t\t<div class=\"elementor-element elementor-element-31e52f17 e-con-full e-flex e-con e-child\" data-id=\"31e52f17\" data-element_type=\"container\">\n\t\t<div class=\"elementor-element elementor-element-22f1f897 e-con-full e-flex e-con e-child\" data-id=\"22f1f897\" data-element_type=\"container\">\n\t\t\t\t<div class=\"elementor-element elementor-element-4630d543 elementor-position-top elementor-widget elementor-widget-image-box\" data-id=\"4630d543\" data-element_type=\"widget\" data-widget_type=\"image-box.default\">\n\t\t\t\t<div class=\"elementor-widget-container\">\n\t\t\t\t\t<div class=\"elementor-image-box-wrapper\"><figure class=\"elementor-image-box-img\"><a href=\"#\" tabindex=\"-1\"><img loading=\"lazy\" decoding=\"async\" width=\"736\" height=\"736\" src=\"https:\/\/innove-it.net\/wp-content\/uploads\/2025\/01\/44f63ae73f159f09869962cbea43b56f.jpg\" class=\"elementor-animation-grow attachment-full size-full wp-image-1715\" alt=\"\" srcset=\"https:\/\/innove-it.net\/wp-content\/uploads\/2025\/01\/44f63ae73f159f09869962cbea43b56f.jpg 736w, https:\/\/innove-it.net\/wp-content\/uploads\/2025\/01\/44f63ae73f159f09869962cbea43b56f-300x300.jpg 300w, https:\/\/innove-it.net\/wp-content\/uploads\/2025\/01\/44f63ae73f159f09869962cbea43b56f-150x150.jpg 150w\" sizes=\"(max-width: 736px) 100vw, 736px\" \/><\/a><\/figure><div class=\"elementor-image-box-content\"><h4 class=\"elementor-image-box-title\"><a href=\"#\">1.\tGestion commerciale<\/a><\/h4><p class=\"elementor-image-box-description\">Sage PE Apinegoce\nSage Apiservice\nSage gestion commerciale i7\nSage 100c standards\nSage oneline Cloud\nSage saisie de caisse d\u00e9centralis\u00e9e\n<\/p><\/div><\/div>\t\t\t\t<\/div>\n\t\t\t\t<\/div>\n\t\t\t\t<\/div>\n\t\t<div class=\"elementor-element elementor-element-1871f46d e-con-full e-flex e-con e-child\" data-id=\"1871f46d\" data-element_type=\"container\">\n\t\t\t\t<div class=\"elementor-element elementor-element-367c0cf elementor-position-top elementor-widget elementor-widget-image-box\" data-id=\"367c0cf\" data-element_type=\"widget\" data-widget_type=\"image-box.default\">\n\t\t\t\t<div class=\"elementor-widget-container\">\n\t\t\t\t\t<div class=\"elementor-image-box-wrapper\"><figure class=\"elementor-image-box-img\"><a href=\"#\" tabindex=\"-1\"><img loading=\"lazy\" decoding=\"async\" width=\"1024\" height=\"1024\" src=\"https:\/\/innove-it.net\/wp-content\/uploads\/2025\/01\/DALL\u00b7E-2025-01-24-21.30.50-A-sleek-and-modern-conceptual-illustration-of-a-business-management-software-interface.-The-design-shows-features-like-inventory-management-sales-tra.webp\" class=\"elementor-animation-grow attachment-full size-full wp-image-1716\" alt=\"\" srcset=\"https:\/\/innove-it.net\/wp-content\/uploads\/2025\/01\/DALL\u00b7E-2025-01-24-21.30.50-A-sleek-and-modern-conceptual-illustration-of-a-business-management-software-interface.-The-design-shows-features-like-inventory-management-sales-tra.webp 1024w, https:\/\/innove-it.net\/wp-content\/uploads\/2025\/01\/DALL\u00b7E-2025-01-24-21.30.50-A-sleek-and-modern-conceptual-illustration-of-a-business-management-software-interface.-The-design-shows-features-like-inventory-management-sales-tra-300x300.webp 300w, https:\/\/innove-it.net\/wp-content\/uploads\/2025\/01\/DALL\u00b7E-2025-01-24-21.30.50-A-sleek-and-modern-conceptual-illustration-of-a-business-management-software-interface.-The-design-shows-features-like-inventory-management-sales-tra-150x150.webp 150w, https:\/\/innove-it.net\/wp-content\/uploads\/2025\/01\/DALL\u00b7E-2025-01-24-21.30.50-A-sleek-and-modern-conceptual-illustration-of-a-business-management-software-interface.-The-design-shows-features-like-inventory-management-sales-tra-768x768.webp 768w\" sizes=\"(max-width: 1024px) 100vw, 1024px\" \/><\/a><\/figure><div class=\"elementor-image-box-content\"><h4 class=\"elementor-image-box-title\"><a href=\"#\">2.\tERP gestion<\/a><\/h4><p class=\"elementor-image-box-description\">Sage 100c Entreprise\nSage 100c Petite entreprise\nSage 100c Entreprise Industrie\nSage 100 suite Industrie\nSage oneline Cloud\n<\/p><\/div><\/div>\t\t\t\t<\/div>\n\t\t\t\t<\/div>\n\t\t\t\t<\/div>\n\t\t<div class=\"elementor-element elementor-element-17ae6383 e-con-full e-flex e-con e-child\" data-id=\"17ae6383\" data-element_type=\"container\">\n\t\t\t\t<div class=\"elementor-element elementor-element-640dfcf0 elementor-position-top elementor-widget elementor-widget-image-box\" data-id=\"640dfcf0\" data-element_type=\"widget\" data-widget_type=\"image-box.default\">\n\t\t\t\t<div class=\"elementor-widget-container\">\n\t\t\t\t\t<div class=\"elementor-image-box-wrapper\"><figure class=\"elementor-image-box-img\"><a href=\"#\" tabindex=\"-1\"><img loading=\"lazy\" decoding=\"async\" width=\"1024\" height=\"1024\" src=\"https:\/\/innove-it.net\/wp-content\/uploads\/2025\/01\/DALL\u00b7E-2025-01-24-21.31.36-A-professional-and-modern-conceptual-illustration-of-a-Customer-Relationship-Management-CRM-software-interface-highlighting-features-like-customer-.webp\" class=\"elementor-animation-grow attachment-full size-full wp-image-1717\" alt=\"\" srcset=\"https:\/\/innove-it.net\/wp-content\/uploads\/2025\/01\/DALL\u00b7E-2025-01-24-21.31.36-A-professional-and-modern-conceptual-illustration-of-a-Customer-Relationship-Management-CRM-software-interface-highlighting-features-like-customer-.webp 1024w, https:\/\/innove-it.net\/wp-content\/uploads\/2025\/01\/DALL\u00b7E-2025-01-24-21.31.36-A-professional-and-modern-conceptual-illustration-of-a-Customer-Relationship-Management-CRM-software-interface-highlighting-features-like-customer--300x300.webp 300w, https:\/\/innove-it.net\/wp-content\/uploads\/2025\/01\/DALL\u00b7E-2025-01-24-21.31.36-A-professional-and-modern-conceptual-illustration-of-a-Customer-Relationship-Management-CRM-software-interface-highlighting-features-like-customer--150x150.webp 150w, https:\/\/innove-it.net\/wp-content\/uploads\/2025\/01\/DALL\u00b7E-2025-01-24-21.31.36-A-professional-and-modern-conceptual-illustration-of-a-Customer-Relationship-Management-CRM-software-interface-highlighting-features-like-customer--768x768.webp 768w\" sizes=\"(max-width: 1024px) 100vw, 1024px\" \/><\/a><\/figure><div class=\"elementor-image-box-content\"><h4 class=\"elementor-image-box-title\"><a href=\"#\">3. CRM<\/a><\/h4><p class=\"elementor-image-box-description\">Sage CRM  <br>\n\nACT ! crm\n\n<\/p><\/div><\/div>\t\t\t\t<\/div>\n\t\t\t\t<\/div>\n\t\t\t\t<\/div>\n\t\t<div class=\"elementor-element elementor-element-46ca8fd4 e-con-full e-flex e-con e-child\" data-id=\"46ca8fd4\" data-element_type=\"container\">\n\t\t\t\t<div class=\"elementor-element elementor-element-231bc8d1 elementor-widget__width-inherit elementor-position-top elementor-widget elementor-widget-image-box\" data-id=\"231bc8d1\" data-element_type=\"widget\" data-widget_type=\"image-box.default\">\n\t\t\t\t<div class=\"elementor-widget-container\">\n\t\t\t\t\t<div class=\"elementor-image-box-wrapper\"><figure class=\"elementor-image-box-img\"><a href=\"#\" tabindex=\"-1\"><img loading=\"lazy\" decoding=\"async\" width=\"2560\" height=\"1707\" src=\"https:\/\/innove-it.net\/wp-content\/uploads\/2025\/01\/employers-verifying-resume-before-agreeing-terms-with-applicant-internship-scaled.jpg\" class=\"elementor-animation-grow attachment-full size-full wp-image-1718\" alt=\"\" srcset=\"https:\/\/innove-it.net\/wp-content\/uploads\/2025\/01\/employers-verifying-resume-before-agreeing-terms-with-applicant-internship-scaled.jpg 2560w, https:\/\/innove-it.net\/wp-content\/uploads\/2025\/01\/employers-verifying-resume-before-agreeing-terms-with-applicant-internship-300x200.jpg 300w, https:\/\/innove-it.net\/wp-content\/uploads\/2025\/01\/employers-verifying-resume-before-agreeing-terms-with-applicant-internship-1024x683.jpg 1024w, https:\/\/innove-it.net\/wp-content\/uploads\/2025\/01\/employers-verifying-resume-before-agreeing-terms-with-applicant-internship-768x512.jpg 768w, https:\/\/innove-it.net\/wp-content\/uploads\/2025\/01\/employers-verifying-resume-before-agreeing-terms-with-applicant-internship-1536x1024.jpg 1536w, https:\/\/innove-it.net\/wp-content\/uploads\/2025\/01\/employers-verifying-resume-before-agreeing-terms-with-applicant-internship-2048x1365.jpg 2048w\" sizes=\"(max-width: 2560px) 100vw, 2560px\" \/><\/a><\/figure><div class=\"elementor-image-box-content\"><h4 class=\"elementor-image-box-title\"><a href=\"#\">4.\tModules gestion<\/a><\/h4><p class=\"elementor-image-box-description\">Sage report <br>\nSage scanfact\n<\/p><\/div><\/div>\t\t\t\t<\/div>\n\t\t\t\t<\/div>\n\t\t\t\t<\/div>\n\t\t\t\t<\/div>\n\t\t\t\t<\/div>\n\t\t<div class=\"elementor-element elementor-element-433f0cba e-con-full e-flex e-con e-parent\" data-id=\"433f0cba\" data-element_type=\"container\" data-settings=\"{&quot;background_background&quot;:&quot;classic&quot;}\">\n\t\t\t\t<div class=\"elementor-element elementor-element-5668a887 elementor-widget elementor-widget-heading\" data-id=\"5668a887\" data-element_type=\"widget\" data-widget_type=\"heading.default\">\n\t\t\t\t<div class=\"elementor-widget-container\">\n\t\t\t\t\t<h3 class=\"elementor-heading-title elementor-size-default\">Why Choose Us<\/h3>\t\t\t\t<\/div>\n\t\t\t\t<\/div>\n\t\t<div class=\"elementor-element elementor-element-7a39a61 e-con-full e-flex e-con e-child\" data-id=\"7a39a61\" data-element_type=\"container\">\n\t\t\t\t<div class=\"elementor-element elementor-element-e1e5074 elementor-widget__width-initial elementor-widget elementor-widget-icon-box\" data-id=\"e1e5074\" data-element_type=\"widget\" data-widget_type=\"icon-box.default\">\n\t\t\t\t<div class=\"elementor-widget-container\">\n\t\t\t\t\t\t\t<div class=\"elementor-icon-box-wrapper\">\n\n\t\t\t\n\t\t\t\t\t\t<div class=\"elementor-icon-box-content\">\n\n\t\t\t\t\t\t\t\t\t<h4 class=\"elementor-icon-box-title\">\n\t\t\t\t\t\t<span  >\n\t\t\t\t\t\t\tbenefit 1\t\t\t\t\t\t<\/span>\n\t\t\t\t\t<\/h4>\n\t\t\t\t\n\t\t\t\t\t\t\t\t\t<p class=\"elementor-icon-box-description\">\n\t\t\t\t\t\tDes logiciels et services adapt\u00e9s sp\u00e9cifiquement aux besoins de votre entreprise pour une gestion optimale\t\t\t\t\t<\/p>\n\t\t\t\t\n\t\t\t<\/div>\n\t\t\t\n\t\t<\/div>\n\t\t\t\t\t\t<\/div>\n\t\t\t\t<\/div>\n\t\t\t\t<div class=\"elementor-element elementor-element-1a4a2748 elementor-widget__width-initial elementor-widget elementor-widget-icon-box\" data-id=\"1a4a2748\" data-element_type=\"widget\" data-widget_type=\"icon-box.default\">\n\t\t\t\t<div class=\"elementor-widget-container\">\n\t\t\t\t\t\t\t<div class=\"elementor-icon-box-wrapper\">\n\n\t\t\t\n\t\t\t\t\t\t<div class=\"elementor-icon-box-content\">\n\n\t\t\t\t\t\t\t\t\t<h4 class=\"elementor-icon-box-title\">\n\t\t\t\t\t\t<span  >\n\t\t\t\t\t\t\tbenefit 2\t\t\t\t\t\t<\/span>\n\t\t\t\t\t<\/h4>\n\t\t\t\t\n\t\t\t\t\t\t\t\t\t<p class=\"elementor-icon-box-description\">\n\t\t\t\t\t\tUn suivi personnalis\u00e9, de l\u2019analyse initiale \u00e0 l\u2019impl\u00e9mentation, la formation et l\u2019assistance technique.\t\t\t\t\t<\/p>\n\t\t\t\t\n\t\t\t<\/div>\n\t\t\t\n\t\t<\/div>\n\t\t\t\t\t\t<\/div>\n\t\t\t\t<\/div>\n\t\t\t\t<div class=\"elementor-element elementor-element-5994b32e elementor-widget__width-initial elementor-widget elementor-widget-icon-box\" data-id=\"5994b32e\" data-element_type=\"widget\" data-widget_type=\"icon-box.default\">\n\t\t\t\t<div class=\"elementor-widget-container\">\n\t\t\t\t\t\t\t<div class=\"elementor-icon-box-wrapper\">\n\n\t\t\t\n\t\t\t\t\t\t<div class=\"elementor-icon-box-content\">\n\n\t\t\t\t\t\t\t\t\t<h4 class=\"elementor-icon-box-title\">\n\t\t\t\t\t\t<span  >\n\t\t\t\t\t\t\tbenefit 3\t\t\t\t\t\t<\/span>\n\t\t\t\t\t<\/h4>\n\t\t\t\t\n\t\t\t\t\t\t\t\t\t<p class=\"elementor-icon-box-description\">\n\t\t\t\t\t\tSimplifiez vos processus pour vous concentrer sur le d\u00e9veloppement de votre activit\u00e9.\t\t\t\t\t<\/p>\n\t\t\t\t\n\t\t\t<\/div>\n\t\t\t\n\t\t<\/div>\n\t\t\t\t\t\t<\/div>\n\t\t\t\t<\/div>\n\t\t\t\t<div class=\"elementor-element elementor-element-51f9549f elementor-widget__width-initial elementor-widget elementor-widget-icon-box\" data-id=\"51f9549f\" data-element_type=\"widget\" data-widget_type=\"icon-box.default\">\n\t\t\t\t<div class=\"elementor-widget-container\">\n\t\t\t\t\t\t\t<div class=\"elementor-icon-box-wrapper\">\n\n\t\t\t\n\t\t\t\t\t\t<div class=\"elementor-icon-box-content\">\n\n\t\t\t\t\t\t\t\t\t<h4 class=\"elementor-icon-box-title\">\n\t\t\t\t\t\t<span  >\n\t\t\t\t\t\t\tbenefit 4\t\t\t\t\t\t<\/span>\n\t\t\t\t\t<\/h4>\n\t\t\t\t\n\t\t\t\t\t\t\t\t\t<p class=\"elementor-icon-box-description\">\n\t\t\t\t\t\tAcc\u00e8s \u00e0 des outils modernes et performants, notamment via des solutions Cloud s\u00e9curis\u00e9es.\t\t\t\t\t<\/p>\n\t\t\t\t\n\t\t\t<\/div>\n\t\t\t\n\t\t<\/div>\n\t\t\t\t\t\t<\/div>\n\t\t\t\t<\/div>\n\t\t\t\t<\/div>\n\t\t\t\t<\/div>\n\t\t<div class=\"elementor-element elementor-element-71c250e4 e-flex e-con-boxed e-con e-parent\" data-id=\"71c250e4\" data-element_type=\"container\">\n\t\t\t\t\t<div class=\"e-con-inner\">\n\t\t\t\t<div class=\"elementor-element elementor-element-3e7139 elementor-widget elementor-widget-heading\" data-id=\"3e7139\" data-element_type=\"widget\" data-widget_type=\"heading.default\">\n\t\t\t\t<div class=\"elementor-widget-container\">\n\t\t\t\t\t<h3 class=\"elementor-heading-title elementor-size-default\">Optimisez la Gestion de Votre Entreprise avec des Solutions Performantes et Personnalis\u00e9es<\/h3>\t\t\t\t<\/div>\n\t\t\t\t<\/div>\n\t\t\t\t<div class=\"elementor-element elementor-element-2827fa94 elementor-widget elementor-widget-text-editor\" data-id=\"2827fa94\" data-element_type=\"widget\" data-widget_type=\"text-editor.default\">\n\t\t\t\t<div class=\"elementor-widget-container\">\n\t\t\t\t\t\t\t\t\t<p><strong>En travaillant avec nous, vous b\u00e9n\u00e9ficierez de solutions sur mesure adapt\u00e9es aux besoins sp\u00e9cifiques de votre entreprise, qu\u2019il s\u2019agisse de gestion commerciale, ERP, CRM ou reporting. Nous vous accompagnons \u00e0 chaque \u00e9tape : de l\u2019analyse de vos besoins \u00e0 l\u2019impl\u00e9mentation des logiciels, en passant par la formation, l\u2019assistance technique et les mises \u00e0 jour. Notre expertise vous garantit une optimisation de vos processus, une gestion simplifi\u00e9e et un gain de temps pr\u00e9cieux, pour que vous puissiez vous concentrer sur le d\u00e9veloppement de votre activit\u00e9.<\/strong><\/p>\t\t\t\t\t\t\t\t<\/div>\n\t\t\t\t<\/div>\n\t\t\t\t<div class=\"elementor-element elementor-element-69dfdbf8 elementor-align-center elementor-mobile-align-center elementor-widget elementor-widget-button\" data-id=\"69dfdbf8\" data-element_type=\"widget\" data-widget_type=\"button.default\">\n\t\t\t\t<div class=\"elementor-widget-container\">\n\t\t\t\t\t\t\t\t\t<div class=\"elementor-button-wrapper\">\n\t\t\t\t\t<a class=\"elementor-button elementor-button-link elementor-size-sm\" href=\"https:\/\/innove-it.net\/index.php\/services\/\">\n\t\t\t\t\t\t<span class=\"elementor-button-content-wrapper\">\n\t\t\t\t\t\t\t\t\t<span class=\"elementor-button-text\">Learn more<\/span>\n\t\t\t\t\t<\/span>\n\t\t\t\t\t<\/a>\n\t\t\t\t<\/div>\n\t\t\t\t\t\t\t\t<\/div>\n\t\t\t\t<\/div>\n\t\t\t\t\t<\/div>\n\t\t\t\t<\/div>\n\t\t\t\t<\/div>\n\t\t","protected":false},"excerpt":{"rendered":"<p>\u00a0 Notre entreprise est sp\u00e9cialis\u00e9e dans l&rsquo;int\u00e9gration de solutions de gestion performantes pour accompagner les entreprises dans leur croissance. Contact us About Us Nous proposons une gamme compl\u00e8te de logiciels Sage, couvrant la gestion commerciale, l&rsquo;ERP, le CRM et le reporting. Nos services incluent le param\u00e9trage sur mesure, la formation, l&rsquo;assistance technique et l&rsquo;h\u00e9bergement Cloud, [&hellip;]<\/p>\n","protected":false},"author":1,"featured_media":0,"parent":0,"menu_order":0,"comment_status":"closed","ping_status":"closed","template":"","meta":{"_uag_custom_page_level_css":"","footnotes":""},"class_list":["post-1442","page","type-page","status-publish","hentry"],"blocksy_meta":[],"uagb_featured_image_src":{"full":false,"thumbnail":false,"medium":false,"medium_large":false,"large":false,"1536x1536":false,"2048x2048":false},"uagb_author_info":{"display_name":"admin5472","author_link":"https:\/\/innove-it.net\/index.php\/author\/admin5472\/"},"uagb_comment_info":0,"uagb_excerpt":"\u00a0 Notre entreprise est sp\u00e9cialis\u00e9e dans l&rsquo;int\u00e9gration de solutions de gestion performantes pour accompagner les entreprises dans leur croissance. Contact us About Us Nous proposons une gamme compl\u00e8te de logiciels Sage, couvrant la gestion commerciale, l&rsquo;ERP, le CRM et le reporting. Nos services incluent le param\u00e9trage sur mesure, la formation, l&rsquo;assistance technique et l&rsquo;h\u00e9bergement Cloud,\u2026","_links":{"self":[{"href":"https:\/\/innove-it.net\/index.php\/wp-json\/wp\/v2\/pages\/1442","targetHints":{"allow":["GET"]}}],"collection":[{"href":"https:\/\/innove-it.net\/index.php\/wp-json\/wp\/v2\/pages"}],"about":[{"href":"https:\/\/innove-it.net\/index.php\/wp-json\/wp\/v2\/types\/page"}],"author":[{"embeddable":true,"href":"https:\/\/innove-it.net\/index.php\/wp-json\/wp\/v2\/users\/1"}],"replies":[{"embeddable":true,"href":"https:\/\/innove-it.net\/index.php\/wp-json\/wp\/v2\/comments?post=1442"}],"version-history":[{"count":40,"href":"https:\/\/innove-it.net\/index.php\/wp-json\/wp\/v2\/pages\/1442\/revisions"}],"predecessor-version":[{"id":1866,"href":"https:\/\/innove-it.net\/index.php\/wp-json\/wp\/v2\/pages\/1442\/revisions\/1866"}],"wp:attachment":[{"href":"https:\/\/innove-it.net\/index.php\/wp-json\/wp\/v2\/media?parent=1442"}],"curies":[{"name":"wp","href":"https:\/\/api.w.org\/{rel}","templated":true}]}}