{"id":1444,"date":"2025-01-23T00:00:37","date_gmt":"2025-01-22T23:00:37","guid":{"rendered":"https:\/\/innove-it.net\/?page_id=1444"},"modified":"2025-01-28T12:32:00","modified_gmt":"2025-01-28T12:32:00","slug":"paiement","status":"publish","type":"page","link":"https:\/\/innove-it.net\/index.php\/paiement\/","title":{"rendered":"Paie &#038; Grh"},"content":{"rendered":"\t\t<div data-elementor-type=\"wp-page\" data-elementor-id=\"1444\" class=\"elementor elementor-1444\">\n\t\t\t\t<div class=\"elementor-element elementor-element-b834010 e-con-full e-flex e-con e-parent\" data-id=\"b834010\" data-element_type=\"container\" data-settings=\"{&quot;background_background&quot;:&quot;classic&quot;}\">\n\t\t\t\t<div class=\"elementor-element elementor-element-577478a elementor-widget__width-initial elementor-widget elementor-widget-heading\" data-id=\"577478a\" data-element_type=\"widget\" data-widget_type=\"heading.default\">\n\t\t\t\t<div class=\"elementor-widget-container\">\n\t\t\t\t\t<h1 class=\"elementor-heading-title elementor-size-default\">PAIE & RH<\/h1>\t\t\t\t<\/div>\n\t\t\t\t<\/div>\n\t\t\t\t<\/div>\n\t\t<div class=\"elementor-element elementor-element-2z6qmpd e-flex e-con-boxed e-con e-parent\" data-id=\"2z6qmpd\" data-element_type=\"container\">\n\t\t\t\t\t<div class=\"e-con-inner\">\n\t\t<div class=\"elementor-element elementor-element-a1166af e-con-full e-flex e-con e-child\" data-id=\"a1166af\" data-element_type=\"container\" data-settings=\"{&quot;background_background&quot;:&quot;classic&quot;}\">\n\t\t<div class=\"elementor-element elementor-element-0bcec18 e-con-full e-flex e-con e-child\" data-id=\"0bcec18\" data-element_type=\"container\" data-settings=\"{&quot;background_background&quot;:&quot;classic&quot;}\">\n\t\t\t\t<div class=\"elementor-element elementor-element-e154b79 elementor-widget elementor-widget-image-box\" data-id=\"e154b79\" data-element_type=\"widget\" data-widget_type=\"image-box.default\">\n\t\t\t\t<div class=\"elementor-widget-container\">\n\t\t\t\t\t<div class=\"elementor-image-box-wrapper\"><div class=\"elementor-image-box-content\"><h2 class=\"elementor-image-box-title\"><font style=\"vertical-align: inherit;\"><font style=\"vertical-align: inherit;\"><br>1. <\/font><\/font><font style=\"vertical-align: inherit;\"><font style=\"vertical-align: inherit;\">Paie<\/font><\/font><\/h2><p class=\"elementor-image-box-description\"><font style=\"vertical-align: inherit;\"><font style=\"vertical-align: inherit;\" class=\"\">Sage Paie jusqu'\u00e0 50 Salari\u00e9s <\/font><\/font><br><font style=\"vertical-align: inherit;\"><font style=\"vertical-align: inherit;\" class=\"\">\nSage Paie jusqu'\u00e0 200 Salari\u00e9s   <\/font><\/font><br><font style=\"vertical-align: inherit;\"><font style=\"vertical-align: inherit;\" class=\"\">\nSage Paie Plus de 200 Salari\u00e9s <\/font><\/font><br><font style=\"vertical-align: inherit;\"><font style=\"vertical-align: inherit;\" class=\"\">\nSage ONE Paie\n<\/font><\/font><font style=\"vertical-align: inherit;\"><font style=\"vertical-align: inherit;\" class=\"\">Cloud<\/font><\/font><\/p><\/div><\/div>\t\t\t\t<\/div>\n\t\t\t\t<\/div>\n\t\t\t\t<\/div>\n\t\t<div class=\"elementor-element elementor-element-d22ea8e e-con-full e-flex e-con e-child\" data-id=\"d22ea8e\" data-element_type=\"container\">\n\t\t\t\t<div class=\"elementor-element elementor-element-968f6bf elementor-widget elementor-widget-image\" data-id=\"968f6bf\" data-element_type=\"widget\" data-widget_type=\"image.default\">\n\t\t\t\t<div class=\"elementor-widget-container\">\n\t\t\t\t\t\t\t\t\t\t\t\t\t\t\t<img fetchpriority=\"high\" decoding=\"async\" width=\"2560\" height=\"1707\" src=\"https:\/\/innove-it.net\/wp-content\/uploads\/2025\/01\/african-entrepreneur-start-up-company-reading-charts-documents-paperwork-diverse-team-business-people-analyzing-company-financial-reports-from-computer-successful-corporate-professional-ent-scaled.jpg\" class=\"attachment-full size-full wp-image-1752\" alt=\"\" srcset=\"https:\/\/innove-it.net\/wp-content\/uploads\/2025\/01\/african-entrepreneur-start-up-company-reading-charts-documents-paperwork-diverse-team-business-people-analyzing-company-financial-reports-from-computer-successful-corporate-professional-ent-scaled.jpg 2560w, https:\/\/innove-it.net\/wp-content\/uploads\/2025\/01\/african-entrepreneur-start-up-company-reading-charts-documents-paperwork-diverse-team-business-people-analyzing-company-financial-reports-from-computer-successful-corporate-professional-ent-300x200.jpg 300w, https:\/\/innove-it.net\/wp-content\/uploads\/2025\/01\/african-entrepreneur-start-up-company-reading-charts-documents-paperwork-diverse-team-business-people-analyzing-company-financial-reports-from-computer-successful-corporate-professional-ent-1024x683.jpg 1024w, https:\/\/innove-it.net\/wp-content\/uploads\/2025\/01\/african-entrepreneur-start-up-company-reading-charts-documents-paperwork-diverse-team-business-people-analyzing-company-financial-reports-from-computer-successful-corporate-professional-ent-768x512.jpg 768w, https:\/\/innove-it.net\/wp-content\/uploads\/2025\/01\/african-entrepreneur-start-up-company-reading-charts-documents-paperwork-diverse-team-business-people-analyzing-company-financial-reports-from-computer-successful-corporate-professional-ent-1536x1024.jpg 1536w, https:\/\/innove-it.net\/wp-content\/uploads\/2025\/01\/african-entrepreneur-start-up-company-reading-charts-documents-paperwork-diverse-team-business-people-analyzing-company-financial-reports-from-computer-successful-corporate-professional-ent-2048x1365.jpg 2048w\" sizes=\"(max-width: 2560px) 100vw, 2560px\" \/>\t\t\t\t\t\t\t\t\t\t\t\t\t\t\t<\/div>\n\t\t\t\t<\/div>\n\t\t\t\t<\/div>\n\t\t\t\t<\/div>\n\t\t<div class=\"elementor-element elementor-element-bab6116 e-con-full e-flex e-con e-child\" data-id=\"bab6116\" data-element_type=\"container\" data-settings=\"{&quot;background_background&quot;:&quot;classic&quot;}\">\n\t\t<div class=\"elementor-element elementor-element-046f758 e-con-full e-flex e-con e-child\" data-id=\"046f758\" data-element_type=\"container\" data-settings=\"{&quot;background_background&quot;:&quot;classic&quot;}\">\n\t\t\t\t<div class=\"elementor-element elementor-element-8a3d2b8 elementor-widget elementor-widget-image-box\" data-id=\"8a3d2b8\" data-element_type=\"widget\" data-widget_type=\"image-box.default\">\n\t\t\t\t<div class=\"elementor-widget-container\">\n\t\t\t\t\t<div class=\"elementor-image-box-wrapper\"><div class=\"elementor-image-box-content\"><h2 class=\"elementor-image-box-title\"><font style=\"vertical-align: inherit;\"><font style=\"vertical-align: inherit;\">2. Suite <\/font><\/font><font style=\"vertical-align: inherit;\"><font style=\"vertical-align: inherit;\">RH<\/font><\/font><\/h2><p class=\"elementor-image-box-description\">Sage Moins de 100Salari\u00e9s <br>\nSage Moins de 500Salari\u00e9s <br>\nSage plus de 500Salari\u00e9s\n<\/p><\/div><\/div>\t\t\t\t<\/div>\n\t\t\t\t<\/div>\n\t\t\t\t<\/div>\n\t\t<div class=\"elementor-element elementor-element-86b7a68 e-con-full e-flex e-con e-child\" data-id=\"86b7a68\" data-element_type=\"container\" data-settings=\"{&quot;background_background&quot;:&quot;classic&quot;}\">\n\t\t\t\t<div class=\"elementor-element elementor-element-f4aa73f elementor-widget elementor-widget-image\" data-id=\"f4aa73f\" data-element_type=\"widget\" data-widget_type=\"image.default\">\n\t\t\t\t<div class=\"elementor-widget-container\">\n\t\t\t\t\t\t\t\t\t\t\t\t\t\t\t<img decoding=\"async\" width=\"1024\" height=\"683\" src=\"https:\/\/innove-it.net\/wp-content\/uploads\/2025\/01\/diverse-office-employees-discussing-project-1024x683.jpg\" class=\"attachment-large size-large wp-image-1753\" alt=\"\" srcset=\"https:\/\/innove-it.net\/wp-content\/uploads\/2025\/01\/diverse-office-employees-discussing-project-1024x683.jpg 1024w, https:\/\/innove-it.net\/wp-content\/uploads\/2025\/01\/diverse-office-employees-discussing-project-300x200.jpg 300w, https:\/\/innove-it.net\/wp-content\/uploads\/2025\/01\/diverse-office-employees-discussing-project-768x512.jpg 768w, https:\/\/innove-it.net\/wp-content\/uploads\/2025\/01\/diverse-office-employees-discussing-project-1536x1024.jpg 1536w, https:\/\/innove-it.net\/wp-content\/uploads\/2025\/01\/diverse-office-employees-discussing-project-2048x1365.jpg 2048w\" sizes=\"(max-width: 1024px) 100vw, 1024px\" \/>\t\t\t\t\t\t\t\t\t\t\t\t\t\t\t<\/div>\n\t\t\t\t<\/div>\n\t\t\t\t<\/div>\n\t\t\t\t<\/div>\n\t\t<div class=\"elementor-element elementor-element-fd01a79 e-con-full e-flex e-con e-child\" data-id=\"fd01a79\" data-element_type=\"container\" data-settings=\"{&quot;background_background&quot;:&quot;classic&quot;}\">\n\t\t<div class=\"elementor-element elementor-element-72d579d e-con-full e-flex e-con e-child\" data-id=\"72d579d\" data-element_type=\"container\" data-settings=\"{&quot;background_background&quot;:&quot;classic&quot;}\">\n\t\t\t\t<div class=\"elementor-element elementor-element-8afac77 elementor-widget elementor-widget-image-box\" data-id=\"8afac77\" data-element_type=\"widget\" data-widget_type=\"image-box.default\">\n\t\t\t\t<div class=\"elementor-widget-container\">\n\t\t\t\t\t<div class=\"elementor-image-box-wrapper\"><div class=\"elementor-image-box-content\"><h2 class=\"elementor-image-box-title\">3.\tIntranet<\/h2><p class=\"elementor-image-box-description\"><font style=\"vertical-align: inherit;\"><font style=\"vertical-align: inherit;\" class=\"\">Sage Moins de 100 Salari\u00e9s <\/font><\/font><br><font style=\"vertical-align: inherit;\"><font style=\"vertical-align: inherit;\" class=\"\">\nSage Moins de\n\n<\/font><\/font><font style=\"vertical-align: inherit;\"><font style=\"vertical-align: inherit;\" class=\"\">500 Salari\u00e9s<\/font><\/font><\/p><\/div><\/div>\t\t\t\t<\/div>\n\t\t\t\t<\/div>\n\t\t\t\t<\/div>\n\t\t<div class=\"elementor-element elementor-element-1e66a1a e-con-full e-flex e-con e-child\" data-id=\"1e66a1a\" data-element_type=\"container\" data-settings=\"{&quot;background_background&quot;:&quot;classic&quot;}\">\n\t\t\t\t<div class=\"elementor-element elementor-element-f17778c elementor-widget elementor-widget-image\" data-id=\"f17778c\" data-element_type=\"widget\" data-widget_type=\"image.default\">\n\t\t\t\t<div class=\"elementor-widget-container\">\n\t\t\t\t\t\t\t\t\t\t\t\t\t\t\t<img decoding=\"async\" width=\"2000\" height=\"2000\" src=\"https:\/\/innove-it.net\/wp-content\/uploads\/2025\/01\/7030234.jpg\" class=\"attachment-full size-full wp-image-1750\" alt=\"\" srcset=\"https:\/\/innove-it.net\/wp-content\/uploads\/2025\/01\/7030234.jpg 2000w, https:\/\/innove-it.net\/wp-content\/uploads\/2025\/01\/7030234-300x300.jpg 300w, https:\/\/innove-it.net\/wp-content\/uploads\/2025\/01\/7030234-1024x1024.jpg 1024w, https:\/\/innove-it.net\/wp-content\/uploads\/2025\/01\/7030234-150x150.jpg 150w, https:\/\/innove-it.net\/wp-content\/uploads\/2025\/01\/7030234-768x768.jpg 768w, https:\/\/innove-it.net\/wp-content\/uploads\/2025\/01\/7030234-1536x1536.jpg 1536w\" sizes=\"(max-width: 2000px) 100vw, 2000px\" \/>\t\t\t\t\t\t\t\t\t\t\t\t\t\t\t<\/div>\n\t\t\t\t<\/div>\n\t\t\t\t<\/div>\n\t\t\t\t<\/div>\n\t\t\t\t\t<\/div>\n\t\t\t\t<\/div>\n\t\t<div class=\"elementor-element elementor-element-93ea307 e-flex e-con-boxed e-con e-parent\" data-id=\"93ea307\" data-element_type=\"container\">\n\t\t\t\t\t<div class=\"e-con-inner\">\n\t\t\t\t<div class=\"elementor-element elementor-element-7a1fe62 elementor-invisible elementor-widget elementor-widget-spacer\" data-id=\"7a1fe62\" data-element_type=\"widget\" data-settings=\"{&quot;_animation&quot;:&quot;fadeInDown&quot;}\" data-widget_type=\"spacer.default\">\n\t\t\t\t<div class=\"elementor-widget-container\">\n\t\t\t\t\t\t\t<div class=\"elementor-spacer\">\n\t\t\t<div class=\"elementor-spacer-inner\"><\/div>\n\t\t<\/div>\n\t\t\t\t\t\t<\/div>\n\t\t\t\t<\/div>\n\t\t\t\t\t<\/div>\n\t\t\t\t<\/div>\n\t\t<div class=\"elementor-element elementor-element-54ea905 e-flex e-con-boxed e-con e-parent\" data-id=\"54ea905\" data-element_type=\"container\">\n\t\t\t\t\t<div class=\"e-con-inner\">\n\t\t\t\t<div class=\"elementor-element elementor-element-6bfa9e9 elementor-invisible elementor-widget elementor-widget-wp-widget-calendar\" data-id=\"6bfa9e9\" data-element_type=\"widget\" data-settings=\"{&quot;_animation&quot;:&quot;flash&quot;}\" data-widget_type=\"wp-widget-calendar.default\">\n\t\t\t\t<div class=\"elementor-widget-container\">\n\t\t\t\t\t<div id=\"calendar_wrap\" class=\"calendar_wrap\"><table id=\"wp-calendar\" class=\"wp-calendar-table\">\n\t<caption>avril 2026<\/caption>\n\t<thead>\n\t<tr>\n\t\t<th scope=\"col\" aria-label=\"lundi\">L<\/th>\n\t\t<th scope=\"col\" aria-label=\"mardi\">M<\/th>\n\t\t<th scope=\"col\" aria-label=\"mercredi\">M<\/th>\n\t\t<th scope=\"col\" aria-label=\"jeudi\">J<\/th>\n\t\t<th scope=\"col\" aria-label=\"vendredi\">V<\/th>\n\t\t<th scope=\"col\" aria-label=\"samedi\">S<\/th>\n\t\t<th scope=\"col\" aria-label=\"dimanche\">D<\/th>\n\t<\/tr>\n\t<\/thead>\n\t<tbody>\n\t<tr>\n\t\t<td colspan=\"2\" class=\"pad\">&nbsp;<\/td><td>1<\/td><td>2<\/td><td>3<\/td><td>4<\/td><td>5<\/td>\n\t<\/tr>\n\t<tr>\n\t\t<td>6<\/td><td>7<\/td><td>8<\/td><td>9<\/td><td>10<\/td><td>11<\/td><td>12<\/td>\n\t<\/tr>\n\t<tr>\n\t\t<td>13<\/td><td>14<\/td><td>15<\/td><td>16<\/td><td>17<\/td><td>18<\/td><td>19<\/td>\n\t<\/tr>\n\t<tr>\n\t\t<td>20<\/td><td>21<\/td><td>22<\/td><td>23<\/td><td>24<\/td><td>25<\/td><td>26<\/td>\n\t<\/tr>\n\t<tr>\n\t\t<td id=\"today\">27<\/td><td>28<\/td><td>29<\/td><td>30<\/td>\n\t\t<td class=\"pad\" colspan=\"3\">&nbsp;<\/td>\n\t<\/tr>\n\t<\/tbody>\n\t<\/table><nav aria-label=\"Mois pr\u00e9c\u00e9dents et suivants\" class=\"wp-calendar-nav\">\n\t\t<span class=\"wp-calendar-nav-prev\"><a href=\"https:\/\/innove-it.net\/index.php\/2024\/04\/\">&laquo; Avr<\/a><\/span>\n\t\t<span class=\"pad\">&nbsp;<\/span>\n\t\t<span class=\"wp-calendar-nav-next\">&nbsp;<\/span>\n\t<\/nav><\/div>\t\t\t\t<\/div>\n\t\t\t\t<\/div>\n\t\t\t\t\t<\/div>\n\t\t\t\t<\/div>\n\t\t\t\t<\/div>\n\t\t","protected":false},"excerpt":{"rendered":"<p>PAIE &amp; RH 1. Paie Sage Paie jusqu&rsquo;\u00e0 50 Salari\u00e9s Sage Paie jusqu&rsquo;\u00e0 200 Salari\u00e9s Sage Paie Plus de 200 Salari\u00e9s Sage ONE Paie Cloud 2. Suite RH Sage Moins de 100Salari\u00e9s Sage Moins de 500Salari\u00e9s Sage plus de 500Salari\u00e9s 3. Intranet Sage Moins de 100 Salari\u00e9s Sage Moins de 500 Salari\u00e9s<\/p>\n","protected":false},"author":1,"featured_media":0,"parent":0,"menu_order":0,"comment_status":"closed","ping_status":"closed","template":"","meta":{"_uag_custom_page_level_css":"","footnotes":""},"class_list":["post-1444","page","type-page","status-publish","hentry"],"blocksy_meta":[],"uagb_featured_image_src":{"full":false,"thumbnail":false,"medium":false,"medium_large":false,"large":false,"1536x1536":false,"2048x2048":false},"uagb_author_info":{"display_name":"admin5472","author_link":"https:\/\/innove-it.net\/index.php\/author\/admin5472\/"},"uagb_comment_info":0,"uagb_excerpt":"PAIE &amp; RH 1. Paie Sage Paie jusqu&rsquo;\u00e0 50 Salari\u00e9s Sage Paie jusqu&rsquo;\u00e0 200 Salari\u00e9s Sage Paie Plus de 200 Salari\u00e9s Sage ONE Paie Cloud 2. Suite RH Sage Moins de 100Salari\u00e9s Sage Moins de 500Salari\u00e9s Sage plus de 500Salari\u00e9s 3. Intranet Sage Moins de 100 Salari\u00e9s Sage Moins de 500 Salari\u00e9s","_links":{"self":[{"href":"https:\/\/innove-it.net\/index.php\/wp-json\/wp\/v2\/pages\/1444","targetHints":{"allow":["GET"]}}],"collection":[{"href":"https:\/\/innove-it.net\/index.php\/wp-json\/wp\/v2\/pages"}],"about":[{"href":"https:\/\/innove-it.net\/index.php\/wp-json\/wp\/v2\/types\/page"}],"author":[{"embeddable":true,"href":"https:\/\/innove-it.net\/index.php\/wp-json\/wp\/v2\/users\/1"}],"replies":[{"embeddable":true,"href":"https:\/\/innove-it.net\/index.php\/wp-json\/wp\/v2\/comments?post=1444"}],"version-history":[{"count":18,"href":"https:\/\/innove-it.net\/index.php\/wp-json\/wp\/v2\/pages\/1444\/revisions"}],"predecessor-version":[{"id":1853,"href":"https:\/\/innove-it.net\/index.php\/wp-json\/wp\/v2\/pages\/1444\/revisions\/1853"}],"wp:attachment":[{"href":"https:\/\/innove-it.net\/index.php\/wp-json\/wp\/v2\/media?parent=1444"}],"curies":[{"name":"wp","href":"https:\/\/api.w.org\/{rel}","templated":true}]}}