{"id":1580,"date":"2025-01-23T22:18:51","date_gmt":"2025-01-23T22:18:51","guid":{"rendered":"https:\/\/innove-it.net\/?page_id=1580"},"modified":"2025-07-13T16:05:54","modified_gmt":"2025-07-13T16:05:54","slug":"elementor-1580","status":"publish","type":"page","link":"https:\/\/innove-it.net\/index.php\/elementor-1580\/","title":{"rendered":"FORMULAIRE DE GESTION ET SERVICES"},"content":{"rendered":"\t\t<div data-elementor-type=\"wp-page\" data-elementor-id=\"1580\" class=\"elementor elementor-1580\">\n\t\t\t\t<div class=\"elementor-element elementor-element-7c00bfd e-con-full e-flex e-con e-parent\" data-id=\"7c00bfd\" data-element_type=\"container\">\n\t\t\t\t<div class=\"elementor-element elementor-element-6bdfdca elementor-widget elementor-widget-spacer\" data-id=\"6bdfdca\" data-element_type=\"widget\" data-widget_type=\"spacer.default\">\n\t\t\t\t<div class=\"elementor-widget-container\">\n\t\t\t\t\t\t\t<div class=\"elementor-spacer\">\n\t\t\t<div class=\"elementor-spacer-inner\"><\/div>\n\t\t<\/div>\n\t\t\t\t\t\t<\/div>\n\t\t\t\t<\/div>\n\t\t\t\t<\/div>\n\t\t<div class=\"elementor-element elementor-element-ac9b119 e-flex e-con-boxed e-con e-parent\" data-id=\"ac9b119\" data-element_type=\"container\">\n\t\t\t\t\t<div class=\"e-con-inner\">\n\t\t\t\t<div class=\"elementor-element elementor-element-8536b2a fluentform-widget-submit-button-custom elementor-widget elementor-widget-fluent-form-widget\" data-id=\"8536b2a\" data-element_type=\"widget\" data-widget_type=\"fluent-form-widget.default\">\n\t\t\t\t<div class=\"elementor-widget-container\">\n\t\t\t\t\t\n            <div class=\"fluentform-widget-wrapper fluentform-widget-align-default\">\n\n                            <div class=\"fluentform-widget-heading\">\n                                        <h3 class=\"fluentform-widget-title\">\n                        Formulaire de devis                    <\/h3>\n                                                        <\/div>\n            \n            <div class='fluentform ff-default fluentform_wrapper_3 ffs_default_wrap'><form data-form_id=\"3\" id=\"fluentform_3\" class=\"frm-fluent-form fluent_form_3 ff-el-form-top ff_form_instance_3_1 ff-form-loading ffs_default\" data-form_instance=\"ff_form_instance_3_1\" method=\"POST\" ><fieldset  style=\"border: none!important;margin: 0!important;padding: 0!important;background-color: transparent!important;box-shadow: none!important;outline: none!important; min-inline-size: 100%;\">\n                    <legend class=\"ff_screen_reader_title\" style=\"display: block; margin: 0!important;padding: 0!important;height: 0!important;text-indent: -999999px;width: 0!important;overflow:hidden;\">innove-it<\/legend><input type='hidden' name='__fluent_form_embded_post_id' value='1580' \/><input type=\"hidden\" id=\"_fluentform_3_fluentformnonce\" name=\"_fluentform_3_fluentformnonce\" value=\"38b2c634b1\" \/><input type=\"hidden\" name=\"_wp_http_referer\" value=\"\/index.php\/wp-json\/wp\/v2\/pages\/1580\" \/><div class='ff-el-group ff-el-form-top'><div class=\"ff-el-input--label ff-el-is-required asterisk-right\"><label for='ff_3_multi_select' aria-label=\"Logiciel\">Logiciel<\/label><\/div><div class='ff-el-input--content'><select name=\"multi_select[]\" id=\"ff_3_multi_select\" class=\"ff-el-form-control  ff_has_multi_select\" multiple=\"1\" data-name=\"multi_select\" data-calc_value=\"0\"  aria-invalid=\"false\" aria-required=true><option value=\"Sage CRM\"  >Sage CRM<\/option><option value=\"Sage 100c saisie de caisse d\u00e9centralis\u00e9e\"  >Sage 100c saisie de caisse d\u00e9centralis\u00e9e<\/option><option value=\"Sage saisie de caisse d\u00e9centralis\u00e9e\"  >Sage saisie de caisse d\u00e9centralis\u00e9e<\/option><option value=\"Cloud(H\u00e9berg\u00e9)\"  >Cloud(H\u00e9berg\u00e9)<\/option><option value=\"EBP Comptabilit\u00e9\"  >EBP Comptabilit\u00e9<\/option><option value=\"Sage100C Tr\u00e9sorerie\"  >Sage100C Tr\u00e9sorerie<\/option><option value=\"EBP Paie&amp;RH\"  >EBP Paie&RH<\/option><option value=\"Sage 100c Petite entreprise\"  >Sage 100c Petite entreprise<\/option><option value=\"Sage 100C Comptabilit\u00e9\"  >Sage 100C Comptabilit\u00e9<\/option><option value=\"Sage 100C gestion commerciale\"  >Sage 100C gestion commerciale<\/option><option value=\"Sage 100c Entreprise Industrie\"  >Sage 100c Entreprise Industrie<\/option><option value=\"EBP Gestion commerciale\"  >EBP Gestion commerciale<\/option><option value=\"Sage 100c Entreprise\"  >Sage 100c Entreprise<\/option><option value=\"Sage Apiservice\"  >Sage Apiservice<\/option><option value=\"Sage100C Paie&amp;RH\"  >Sage100C Paie&RH<\/option><option value=\"Sage Petite Entreprise Batigest\"  >Sage Petite Entreprise Batigest<\/option><option value=\"EBP Gestion immobili\u00e8re\"  >EBP Gestion immobili\u00e8re<\/option><option value=\"Sage oneline Cloud\"  >Sage oneline Cloud<\/option><option value=\"Sage PE Apinegoce\"  >Sage PE Apinegoce<\/option><option value=\"Sage 100Conline \"  >Sage 100Conline<\/option><option value=\"Sage 100C Immobilisation\"  >Sage 100C Immobilisation<\/option><option value=\"Sage 100 suite Industrie\"  >Sage 100 suite Industrie<\/option><option value=\"Sage 100C Suite RH\"  >Sage 100C Suite RH<\/option><option value=\"EBP B\u00e2timent\"  >EBP B\u00e2timent<\/option><option value=\"EBP Point de vente\"  >EBP Point de vente<\/option><option value=\"Sage 100C Moyens de paiements\"  >Sage 100C Moyens de paiements<\/option><option value=\"Sage Multidevis SQL\"  >Sage Multidevis SQL<\/option><option value=\"Sage Caf\u00e9-Restaurant Orchestra H\u00f4tel-caf\u00e9-Restaurant\"  >Sage Caf\u00e9-Restaurant Orchestra H\u00f4tel-caf\u00e9-Restaurant<\/option><\/select><\/div><\/div><div class='ff-el-group'><div class=\"ff-el-input--label asterisk-right\"><label for='ff_3_dropdown' aria-label=\"Type\">Type<\/label><\/div><div class='ff-el-input--content'><select name=\"dropdown\" id=\"ff_3_dropdown\" class=\"ff-el-form-control\" data-name=\"dropdown\" data-calc_value=\"0\"  aria-invalid=\"false\" aria-required=false><option value=\"\">- Selection -<\/option><option value=\"Essentials\"  >Essentials<\/option><option value=\"Standards\"  >Standards<\/option><option value=\"Premium\"  >Premium<\/option><\/select><\/div><\/div><div class='ff-el-group'><div class=\"ff-el-input--label asterisk-right\"><label for='ff_3_dropdown_1' aria-label=\"Services\">Services<\/label><\/div><div class='ff-el-input--content'><select name=\"dropdown_1\" id=\"ff_3_dropdown_1\" class=\"ff-el-form-control\" data-name=\"dropdown_1\" data-calc_value=\"0\"  aria-invalid=\"false\" aria-required=false><option value=\"\">- Selection -<\/option><option value=\"Achat\"  >Achat<\/option><option value=\"Audit SI\"  >Audit SI<\/option><option value=\"Param\u00e9trage\"  >Param\u00e9trage<\/option><option value=\"Formation\"  >Formation<\/option><option value=\"Assitance\"  >Assitance<\/option><\/select><\/div><\/div><div class='ff-el-group'><div class=\"ff-el-input--label asterisk-right\"><label for='ff_3_dropdown_2' aria-label=\"Unit\u00e9s\">Unit\u00e9s<\/label><\/div><div class='ff-el-input--content'><select name=\"dropdown_2\" id=\"ff_3_dropdown_2\" class=\"ff-el-form-control\" data-name=\"dropdown_2\" data-calc_value=\"0\"  aria-invalid=\"false\" aria-required=false><option value=\"\">- Selection -<\/option><option value=\"Unit\u00e9\"  >Unit\u00e9<\/option><option value=\"Personne (s)\"  >Personne (s)<\/option><option value=\"Mois \"  >Mois<\/option><option value=\"Ann\u00e9e\"  >Ann\u00e9e<\/option><option value=\"Heures\"  >Heures<\/option><option value=\"Poste (s)\"  >Poste (s)<\/option><\/select><\/div><\/div><div class='ff-el-group ff-el-form-top'><div class=\"ff-el-input--label asterisk-right\"><label for='ff_3_input_text' aria-label=\"Quantit\u00e9\">Quantit\u00e9<\/label><\/div><div class='ff-el-input--content'><input type=\"text\" name=\"input_text\" class=\"ff-el-form-control\" placeholder=\"Nombre\" maxlength=\"1000\" data-name=\"input_text\" id=\"ff_3_input_text\"  aria-invalid=\"false\" aria-required=false><\/div><\/div><div class='ff-el-group ff-text-center ff_submit_btn_wrapper'><button type=\"submit\" class=\"ff-btn ff-btn-submit ff-btn-lg ff_btn_style\" >ENVOYER<\/button><\/div><\/fieldset><\/form><div id='fluentform_3_errors' class='ff-errors-in-stack ff_form_instance_3_1 ff-form-loading_errors ff_form_instance_3_1_errors'><\/div><\/div>        <script type=\"text\/javascript\">\n            window.fluent_form_ff_form_instance_3_1 = {\"id\":\"3\",\"settings\":{\"layout\":{\"labelPlacement\":\"top\",\"asteriskPlacement\":\"asterisk-right\",\"helpMessagePlacement\":\"with_label\",\"errorMessagePlacement\":\"inline\",\"cssClassName\":\"\"},\"restrictions\":{\"denyEmptySubmission\":{\"enabled\":false}}},\"form_instance\":\"ff_form_instance_3_1\",\"form_id_selector\":\"fluentform_3\",\"rules\":{\"multi_select\":{\"required\":{\"value\":true,\"message\":\"Ce champ est obligatoire\",\"global_message\":\"Ce champ est obligatoire\",\"global\":true}},\"dropdown\":{\"required\":{\"value\":false,\"message\":\"Ce champ est obligatoire\",\"global_message\":\"Ce champ est obligatoire\",\"global\":true}},\"dropdown_1\":{\"required\":{\"value\":false,\"message\":\"Ce champ est obligatoire\",\"global_message\":\"Ce champ est obligatoire\",\"global\":true}},\"dropdown_2\":{\"required\":{\"value\":false,\"message\":\"Ce champ est obligatoire\",\"global_message\":\"Ce champ est obligatoire\",\"global\":true}},\"input_text\":{\"required\":{\"value\":false,\"message\":\"Ce champ est obligatoire\",\"global_message\":\"Ce champ est obligatoire\",\"global\":true}}},\"debounce_time\":300};\n                    <\/script>\n                    <\/div>\n\n            \t\t\t\t<\/div>\n\t\t\t\t<\/div>\n\t\t\t\t\t<\/div>\n\t\t\t\t<\/div>\n\t\t<div class=\"elementor-element elementor-element-054189e e-flex e-con-boxed e-con e-parent\" data-id=\"054189e\" data-element_type=\"container\">\n\t\t\t\t\t<div class=\"e-con-inner\">\n\t\t\t\t<div class=\"elementor-element elementor-element-eaf15e6 elementor-widget elementor-widget-spacer\" data-id=\"eaf15e6\" data-element_type=\"widget\" data-widget_type=\"spacer.default\">\n\t\t\t\t<div class=\"elementor-widget-container\">\n\t\t\t\t\t\t\t<div class=\"elementor-spacer\">\n\t\t\t<div class=\"elementor-spacer-inner\"><\/div>\n\t\t<\/div>\n\t\t\t\t\t\t<\/div>\n\t\t\t\t<\/div>\n\t\t\t\t\t<\/div>\n\t\t\t\t<\/div>\n\t\t\t\t<\/div>\n\t\t","protected":false},"excerpt":{"rendered":"<p>Formulaire de devis innove-it LogicielEBP Point de venteSage 100C Comptabilit\u00e9Sage 100c Petite entrepriseEBP Paie&#038;RHSage saisie de caisse d\u00e9centralis\u00e9eSage 100ConlineEBP B\u00e2timentEBP Gestion immobili\u00e8reCloud(H\u00e9berg\u00e9)Sage 100C Moyens de paiementsSage Caf\u00e9-Restaurant Orchestra H\u00f4tel-caf\u00e9-RestaurantSage PE ApinegoceSage 100c saisie de caisse d\u00e9centralis\u00e9eSage 100c EntrepriseSage ApiserviceSage 100C gestion commercialeSage 100c Entreprise IndustrieSage oneline CloudSage CRMSage 100 suite IndustrieSage100C Tr\u00e9sorerieSage Petite Entreprise BatigestEBP [&hellip;]<\/p>\n","protected":false},"author":1,"featured_media":0,"parent":0,"menu_order":0,"comment_status":"closed","ping_status":"closed","template":"","meta":{"_uag_custom_page_level_css":"","footnotes":""},"class_list":["post-1580","page","type-page","status-publish","hentry"],"blocksy_meta":[],"uagb_featured_image_src":{"full":false,"thumbnail":false,"medium":false,"medium_large":false,"large":false,"1536x1536":false,"2048x2048":false},"uagb_author_info":{"display_name":"admin5472","author_link":"https:\/\/innove-it.net\/index.php\/author\/admin5472\/"},"uagb_comment_info":0,"uagb_excerpt":"Formulaire de devis innove-it LogicielEBP Point de venteSage 100C Comptabilit\u00e9Sage 100c Petite entrepriseEBP Paie&#038;RHSage saisie de caisse d\u00e9centralis\u00e9eSage 100ConlineEBP B\u00e2timentEBP Gestion immobili\u00e8reCloud(H\u00e9berg\u00e9)Sage 100C Moyens de paiementsSage Caf\u00e9-Restaurant Orchestra H\u00f4tel-caf\u00e9-RestaurantSage PE ApinegoceSage 100c saisie de caisse d\u00e9centralis\u00e9eSage 100c EntrepriseSage ApiserviceSage 100C gestion commercialeSage 100c Entreprise IndustrieSage oneline CloudSage CRMSage 100 suite IndustrieSage100C Tr\u00e9sorerieSage Petite Entreprise BatigestEBP\u2026","_links":{"self":[{"href":"https:\/\/innove-it.net\/index.php\/wp-json\/wp\/v2\/pages\/1580","targetHints":{"allow":["GET"]}}],"collection":[{"href":"https:\/\/innove-it.net\/index.php\/wp-json\/wp\/v2\/pages"}],"about":[{"href":"https:\/\/innove-it.net\/index.php\/wp-json\/wp\/v2\/types\/page"}],"author":[{"embeddable":true,"href":"https:\/\/innove-it.net\/index.php\/wp-json\/wp\/v2\/users\/1"}],"replies":[{"embeddable":true,"href":"https:\/\/innove-it.net\/index.php\/wp-json\/wp\/v2\/comments?post=1580"}],"version-history":[{"count":35,"href":"https:\/\/innove-it.net\/index.php\/wp-json\/wp\/v2\/pages\/1580\/revisions"}],"predecessor-version":[{"id":2089,"href":"https:\/\/innove-it.net\/index.php\/wp-json\/wp\/v2\/pages\/1580\/revisions\/2089"}],"wp:attachment":[{"href":"https:\/\/innove-it.net\/index.php\/wp-json\/wp\/v2\/media?parent=1580"}],"curies":[{"name":"wp","href":"https:\/\/api.w.org\/{rel}","templated":true}]}}