{"id":1911,"date":"2025-06-25T16:08:39","date_gmt":"2025-06-25T16:08:39","guid":{"rendered":"https:\/\/innove-it.net\/?page_id=1911"},"modified":"2025-07-13T15:02:36","modified_gmt":"2025-07-13T15:02:36","slug":"sage-100c-comptabilite","status":"publish","type":"page","link":"https:\/\/innove-it.net\/index.php\/sage-100c-comptabilite\/","title":{"rendered":"Sage 100C Comptabilit\u00e9"},"content":{"rendered":"\t\t<div data-elementor-type=\"wp-page\" data-elementor-id=\"1911\" class=\"elementor elementor-1911\">\n\t\t\t\t<div class=\"elementor-element elementor-element-d2fe2b7 e-con-full e-flex e-con e-parent\" data-id=\"d2fe2b7\" data-element_type=\"container\">\n\t\t\t\t<div class=\"elementor-element elementor-element-2161fae elementor-widget__width-inherit elementor-widget elementor-widget-image\" data-id=\"2161fae\" data-element_type=\"widget\" data-widget_type=\"image.default\">\n\t\t\t\t<div class=\"elementor-widget-container\">\n\t\t\t\t\t\t\t\t\t\t\t\t\t\t\t<img fetchpriority=\"high\" decoding=\"async\" width=\"768\" height=\"332\" src=\"https:\/\/innove-it.net\/wp-content\/uploads\/2025\/07\/FP-Sage-100c-Comptabilite.pdf-Personal-Microsoft\u200b-Edge-7_13_2025-2_07_54-PM-768x332.png\" class=\"attachment-medium_large size-medium_large wp-image-2063\" alt=\"\" srcset=\"https:\/\/innove-it.net\/wp-content\/uploads\/2025\/07\/FP-Sage-100c-Comptabilite.pdf-Personal-Microsoft\u200b-Edge-7_13_2025-2_07_54-PM-768x332.png 768w, https:\/\/innove-it.net\/wp-content\/uploads\/2025\/07\/FP-Sage-100c-Comptabilite.pdf-Personal-Microsoft\u200b-Edge-7_13_2025-2_07_54-PM-300x130.png 300w, https:\/\/innove-it.net\/wp-content\/uploads\/2025\/07\/FP-Sage-100c-Comptabilite.pdf-Personal-Microsoft\u200b-Edge-7_13_2025-2_07_54-PM.png 796w\" sizes=\"(max-width: 768px) 100vw, 768px\" \/>\t\t\t\t\t\t\t\t\t\t\t\t\t\t\t<\/div>\n\t\t\t\t<\/div>\n\t\t\t\t<\/div>\n\t\t<div class=\"elementor-element elementor-element-20248a5 e-flex e-con-boxed e-con e-parent\" data-id=\"20248a5\" data-element_type=\"container\">\n\t\t\t\t\t<div class=\"e-con-inner\">\n\t\t\t\t<div class=\"elementor-element elementor-element-8aa9043 elementor-widget elementor-widget-spacer\" data-id=\"8aa9043\" data-element_type=\"widget\" data-widget_type=\"spacer.default\">\n\t\t\t\t<div class=\"elementor-widget-container\">\n\t\t\t\t\t\t\t<div class=\"elementor-spacer\">\n\t\t\t<div class=\"elementor-spacer-inner\"><\/div>\n\t\t<\/div>\n\t\t\t\t\t\t<\/div>\n\t\t\t\t<\/div>\n\t\t\t\t\t<\/div>\n\t\t\t\t<\/div>\n\t\t<div class=\"elementor-element elementor-element-cc09d28 e-flex e-con-boxed e-con e-parent\" data-id=\"cc09d28\" data-element_type=\"container\">\n\t\t\t\t\t<div class=\"e-con-inner\">\n\t\t\t\t<div class=\"elementor-element elementor-element-96b0616 elementor-widget elementor-widget-heading\" data-id=\"96b0616\" data-element_type=\"widget\" data-widget_type=\"heading.default\">\n\t\t\t\t<div class=\"elementor-widget-container\">\n\t\t\t\t\t<h1 class=\"elementor-heading-title elementor-size-default\">Les atouts de l\u2019offre<\/h1>\t\t\t\t<\/div>\n\t\t\t\t<\/div>\n\t\t\t\t\t<\/div>\n\t\t\t\t<\/div>\n\t\t\t\t<section class=\"elementor-section elementor-top-section elementor-element elementor-element-w8ihzvh elementor-section-content-middle elementor-section-boxed elementor-section-height-default elementor-section-height-default\" data-id=\"w8ihzvh\" data-element_type=\"section\" data-settings=\"{&quot;background_background&quot;:&quot;classic&quot;}\">\n\t\t\t\t\t\t<div class=\"elementor-container elementor-column-gap-no\">\n\t\t\t\t\t<div class=\"elementor-column elementor-col-50 elementor-top-column elementor-element elementor-element-7fe5b15\" data-id=\"7fe5b15\" data-element_type=\"column\">\n\t\t\t<div class=\"elementor-widget-wrap elementor-element-populated\">\n\t\t\t\t\t\t<div class=\"elementor-element elementor-element-70a9140 elementor-widget elementor-widget-image\" data-id=\"70a9140\" data-element_type=\"widget\" data-widget_type=\"image.default\">\n\t\t\t\t<div class=\"elementor-widget-container\">\n\t\t\t\t\t\t\t\t\t\t\t\t\t\t\t<img decoding=\"async\" width=\"393\" height=\"202\" src=\"https:\/\/innove-it.net\/wp-content\/uploads\/2025\/01\/INNOVE-IT-e1737760007909.png\" class=\"attachment-1536x1536 size-1536x1536 wp-image-1452\" alt=\"\" srcset=\"https:\/\/innove-it.net\/wp-content\/uploads\/2025\/01\/INNOVE-IT-e1737760007909.png 393w, https:\/\/innove-it.net\/wp-content\/uploads\/2025\/01\/INNOVE-IT-e1737760007909-300x154.png 300w\" sizes=\"(max-width: 393px) 100vw, 393px\" \/>\t\t\t\t\t\t\t\t\t\t\t\t\t\t\t<\/div>\n\t\t\t\t<\/div>\n\t\t\t\t\t<\/div>\n\t\t<\/div>\n\t\t\t\t<div class=\"elementor-column elementor-col-50 elementor-top-column elementor-element elementor-element-36221e7\" data-id=\"36221e7\" data-element_type=\"column\">\n\t\t\t<div class=\"elementor-widget-wrap elementor-element-populated\">\n\t\t\t\t\t\t<section class=\"elementor-section elementor-inner-section elementor-element elementor-element-179ddc8 elementor-section-boxed elementor-section-height-default elementor-section-height-default\" data-id=\"179ddc8\" data-element_type=\"section\">\n\t\t\t\t\t\t<div class=\"elementor-container elementor-column-gap-no\">\n\t\t\t\t\t<div class=\"elementor-column elementor-col-50 elementor-inner-column elementor-element elementor-element-f332be5\" data-id=\"f332be5\" data-element_type=\"column\">\n\t\t\t<div class=\"elementor-widget-wrap elementor-element-populated\">\n\t\t\t\t\t\t<div class=\"elementor-element elementor-element-f656d62 elementor-widget elementor-widget-heading\" data-id=\"f656d62\" data-element_type=\"widget\" data-widget_type=\"heading.default\">\n\t\t\t\t<div class=\"elementor-widget-container\">\n\t\t\t\t\t<h3 class=\"elementor-heading-title elementor-size-medium\"> Confiance<\/h3>\t\t\t\t<\/div>\n\t\t\t\t<\/div>\n\t\t\t\t<div class=\"elementor-element elementor-element-df8503b elementor-widget elementor-widget-text-editor\" data-id=\"df8503b\" data-element_type=\"widget\" data-widget_type=\"text-editor.default\">\n\t\t\t\t<div class=\"elementor-widget-container\">\n\t\t\t\t\t\t\t\t\t<p>Sage 100c Comptabilit\u00e9 r\u00e9pond \u00e0 toutes les exigences l\u00e9gales : DGI, IAS \/ IFRS. Avec Sage Clic &amp; Cash, obtenez, en 48h, des avances de tr\u00e9sorerie, directement depuis Sage 100c Comptabilit\u00e9 pour faire face aux enjeux de votre entreprise.<\/p>\t\t\t\t\t\t\t\t<\/div>\n\t\t\t\t<\/div>\n\t\t\t\t\t<\/div>\n\t\t<\/div>\n\t\t\t\t<div class=\"elementor-column elementor-col-50 elementor-inner-column elementor-element elementor-element-9b965d6\" data-id=\"9b965d6\" data-element_type=\"column\">\n\t\t\t<div class=\"elementor-widget-wrap elementor-element-populated\">\n\t\t\t\t\t\t<div class=\"elementor-element elementor-element-9a45bdb elementor-widget elementor-widget-heading\" data-id=\"9a45bdb\" data-element_type=\"widget\" data-widget_type=\"heading.default\">\n\t\t\t\t<div class=\"elementor-widget-container\">\n\t\t\t\t\t<h3 class=\"elementor-heading-title elementor-size-medium\"> Collaboratif <\/h3>\t\t\t\t<\/div>\n\t\t\t\t<\/div>\n\t\t\t\t<div class=\"elementor-element elementor-element-8d430f1 elementor-widget elementor-widget-text-editor\" data-id=\"8d430f1\" data-element_type=\"widget\" data-widget_type=\"text-editor.default\">\n\t\t\t\t<div class=\"elementor-widget-container\">\n\t\t\t\t\t\t\t\t\t<p>Sage 100c optimise la collaboration interne et externe en centralisant et en d\u00e9mat\u00e9rialisant, sur un espace de travail partag\u00e9 s\u00e9curis\u00e9, toutes vos informations, vos factures, tous vos documents et vos lux bancaires.<\/p>\t\t\t\t\t\t\t\t<\/div>\n\t\t\t\t<\/div>\n\t\t\t\t\t<\/div>\n\t\t<\/div>\n\t\t\t\t\t<\/div>\n\t\t<\/section>\n\t\t\t\t<section class=\"elementor-section elementor-inner-section elementor-element elementor-element-f23bf7c elementor-section-boxed elementor-section-height-default elementor-section-height-default\" data-id=\"f23bf7c\" data-element_type=\"section\">\n\t\t\t\t\t\t<div class=\"elementor-container elementor-column-gap-no\">\n\t\t\t\t\t<div class=\"elementor-column elementor-col-50 elementor-inner-column elementor-element elementor-element-3c08cc8\" data-id=\"3c08cc8\" data-element_type=\"column\">\n\t\t\t<div class=\"elementor-widget-wrap elementor-element-populated\">\n\t\t\t\t\t\t<div class=\"elementor-element elementor-element-e0c2d65 elementor-widget elementor-widget-heading\" data-id=\"e0c2d65\" data-element_type=\"widget\" data-widget_type=\"heading.default\">\n\t\t\t\t<div class=\"elementor-widget-container\">\n\t\t\t\t\t<h3 class=\"elementor-heading-title elementor-size-medium\">Connect\u00e9 <\/h3>\t\t\t\t<\/div>\n\t\t\t\t<\/div>\n\t\t\t\t<div class=\"elementor-element elementor-element-d26fce1 elementor-widget elementor-widget-text-editor\" data-id=\"d26fce1\" data-element_type=\"widget\" data-widget_type=\"text-editor.default\">\n\t\t\t\t<div class=\"elementor-widget-container\">\n\t\t\t\t\t\t\t\t\t<p>En t\u00e9l\u00e9travail, en mobilit\u00e9, acc\u00e9dez simplement et \u00e0 tout moment, \u00e0 votre solution et \u00e0 vos donn\u00e9es, sur tous vos appareils<\/p>\t\t\t\t\t\t\t\t<\/div>\n\t\t\t\t<\/div>\n\t\t\t\t\t<\/div>\n\t\t<\/div>\n\t\t\t\t<div class=\"elementor-column elementor-col-50 elementor-inner-column elementor-element elementor-element-5a0bc0d\" data-id=\"5a0bc0d\" data-element_type=\"column\">\n\t\t\t<div class=\"elementor-widget-wrap elementor-element-populated\">\n\t\t\t\t\t\t<div class=\"elementor-element elementor-element-515073b elementor-widget elementor-widget-heading\" data-id=\"515073b\" data-element_type=\"widget\" data-widget_type=\"heading.default\">\n\t\t\t\t<div class=\"elementor-widget-container\">\n\t\t\t\t\t<h3 class=\"elementor-heading-title elementor-size-medium\">Communautaire<\/h3>\t\t\t\t<\/div>\n\t\t\t\t<\/div>\n\t\t\t\t<div class=\"elementor-element elementor-element-5ce3b6a elementor-widget elementor-widget-text-editor\" data-id=\"5ce3b6a\" data-element_type=\"widget\" data-widget_type=\"text-editor.default\">\n\t\t\t\t<div class=\"elementor-widget-container\">\n\t\t\t\t\t\t\t\t\tAdipiscing elit ut elit tellus, luctus nec ullamcorper mattis, pulvinar dapibus leo.\t\t\t\t\t\t\t\t<\/div>\n\t\t\t\t<\/div>\n\t\t\t\t\t<\/div>\n\t\t<\/div>\n\t\t\t\t\t<\/div>\n\t\t<\/section>\n\t\t\t\t<section class=\"elementor-section elementor-inner-section elementor-element elementor-element-f6c2c5f elementor-section-boxed elementor-section-height-default elementor-section-height-default\" data-id=\"f6c2c5f\" data-element_type=\"section\">\n\t\t\t\t\t\t<div class=\"elementor-container elementor-column-gap-no\">\n\t\t\t\t\t<div class=\"elementor-column elementor-col-100 elementor-inner-column elementor-element elementor-element-487c2c6\" data-id=\"487c2c6\" data-element_type=\"column\">\n\t\t\t<div class=\"elementor-widget-wrap elementor-element-populated\">\n\t\t\t\t\t\t<div class=\"elementor-element elementor-element-f394589 elementor-widget elementor-widget-heading\" data-id=\"f394589\" data-element_type=\"widget\" data-widget_type=\"heading.default\">\n\t\t\t\t<div class=\"elementor-widget-container\">\n\t\t\t\t\t<h3 class=\"elementor-heading-title elementor-size-medium\">Complet<\/h3>\t\t\t\t<\/div>\n\t\t\t\t<\/div>\n\t\t\t\t<div class=\"elementor-element elementor-element-729a879 elementor-widget elementor-widget-text-editor\" data-id=\"729a879\" data-element_type=\"widget\" data-widget_type=\"text-editor.default\">\n\t\t\t\t<div class=\"elementor-widget-container\">\n\t\t\t\t\t\t\t\t\t<p>Sage 100c Comptabilit\u00e9 s\u2019int\u00e8gre dans une suite de gestion compl\u00e8te (gestion commerciale, production, tr\u00e9sorerie, moyens de paiement, CRM, etc.), \u00e9volutive et personnalisable, avec des options \u00e0 la carte, afin de vous apporter toute la souplesse n\u00e9cessaire pour faire face aux enjeux business et structurels de votre entreprise.<\/p>\t\t\t\t\t\t\t\t<\/div>\n\t\t\t\t<\/div>\n\t\t\t\t\t<\/div>\n\t\t<\/div>\n\t\t\t\t\t<\/div>\n\t\t<\/section>\n\t\t\t\t\t<\/div>\n\t\t<\/div>\n\t\t\t\t\t<\/div>\n\t\t<\/section>\n\t\t<div class=\"elementor-element elementor-element-343223a e-flex e-con-boxed e-con e-parent\" data-id=\"343223a\" data-element_type=\"container\">\n\t\t\t\t\t<div class=\"e-con-inner\">\n\t\t\t\t<div class=\"elementor-element elementor-element-8796fd8 elementor-widget elementor-widget-spacer\" data-id=\"8796fd8\" data-element_type=\"widget\" data-widget_type=\"spacer.default\">\n\t\t\t\t<div class=\"elementor-widget-container\">\n\t\t\t\t\t\t\t<div class=\"elementor-spacer\">\n\t\t\t<div class=\"elementor-spacer-inner\"><\/div>\n\t\t<\/div>\n\t\t\t\t\t\t<\/div>\n\t\t\t\t<\/div>\n\t\t\t\t\t<\/div>\n\t\t\t\t<\/div>\n\t\t<div class=\"elementor-element elementor-element-cde1def e-flex e-con-boxed e-con e-parent\" data-id=\"cde1def\" data-element_type=\"container\">\n\t\t\t\t\t<div class=\"e-con-inner\">\n\t\t\t\t<div class=\"elementor-element elementor-element-cdc430a elementor-align-center elementor-widget elementor-widget-button\" data-id=\"cdc430a\" data-element_type=\"widget\" data-widget_type=\"button.default\">\n\t\t\t\t<div class=\"elementor-widget-container\">\n\t\t\t\t\t\t\t\t\t<div class=\"elementor-button-wrapper\">\n\t\t\t\t\t<a class=\"elementor-button elementor-button-link elementor-size-sm\" href=\"http:\/\/innove-it.net\/wp-content\/uploads\/2025\/07\/FP-Sage-100c-Comptabilite.pdf\" rel=\"nofollow\">\n\t\t\t\t\t\t<span class=\"elementor-button-content-wrapper\">\n\t\t\t\t\t\t\t\t\t<span class=\"elementor-button-text\">T\u00e9l\u00e9charger <\/span>\n\t\t\t\t\t<\/span>\n\t\t\t\t\t<\/a>\n\t\t\t\t<\/div>\n\t\t\t\t\t\t\t\t<\/div>\n\t\t\t\t<\/div>\n\t\t\t\t<div class=\"elementor-element elementor-element-56155a4 elementor-widget elementor-widget-spacer\" data-id=\"56155a4\" data-element_type=\"widget\" data-widget_type=\"spacer.default\">\n\t\t\t\t<div class=\"elementor-widget-container\">\n\t\t\t\t\t\t\t<div class=\"elementor-spacer\">\n\t\t\t<div class=\"elementor-spacer-inner\"><\/div>\n\t\t<\/div>\n\t\t\t\t\t\t<\/div>\n\t\t\t\t<\/div>\n\t\t\t\t\t<\/div>\n\t\t\t\t<\/div>\n\t\t\t\t<\/div>\n\t\t","protected":false},"excerpt":{"rendered":"<p>Les atouts de l\u2019offre Confiance Sage 100c Comptabilit\u00e9 r\u00e9pond \u00e0 toutes les exigences l\u00e9gales : DGI, IAS \/ IFRS. Avec Sage Clic &amp; Cash, obtenez, en 48h, des avances de tr\u00e9sorerie, directement depuis Sage 100c Comptabilit\u00e9 pour faire face aux enjeux de votre entreprise. Collaboratif Sage 100c optimise la collaboration interne et externe en centralisant [&hellip;]<\/p>\n","protected":false},"author":1,"featured_media":0,"parent":0,"menu_order":0,"comment_status":"closed","ping_status":"closed","template":"","meta":{"_uag_custom_page_level_css":"","footnotes":""},"class_list":["post-1911","page","type-page","status-publish","hentry"],"blocksy_meta":[],"uagb_featured_image_src":{"full":false,"thumbnail":false,"medium":false,"medium_large":false,"large":false,"1536x1536":false,"2048x2048":false},"uagb_author_info":{"display_name":"admin5472","author_link":"https:\/\/innove-it.net\/index.php\/author\/admin5472\/"},"uagb_comment_info":0,"uagb_excerpt":"Les atouts de l\u2019offre Confiance Sage 100c Comptabilit\u00e9 r\u00e9pond \u00e0 toutes les exigences l\u00e9gales : DGI, IAS \/ IFRS. Avec Sage Clic &amp; Cash, obtenez, en 48h, des avances de tr\u00e9sorerie, directement depuis Sage 100c Comptabilit\u00e9 pour faire face aux enjeux de votre entreprise. Collaboratif Sage 100c optimise la collaboration interne et externe en centralisant\u2026","_links":{"self":[{"href":"https:\/\/innove-it.net\/index.php\/wp-json\/wp\/v2\/pages\/1911","targetHints":{"allow":["GET"]}}],"collection":[{"href":"https:\/\/innove-it.net\/index.php\/wp-json\/wp\/v2\/pages"}],"about":[{"href":"https:\/\/innove-it.net\/index.php\/wp-json\/wp\/v2\/types\/page"}],"author":[{"embeddable":true,"href":"https:\/\/innove-it.net\/index.php\/wp-json\/wp\/v2\/users\/1"}],"replies":[{"embeddable":true,"href":"https:\/\/innove-it.net\/index.php\/wp-json\/wp\/v2\/comments?post=1911"}],"version-history":[{"count":10,"href":"https:\/\/innove-it.net\/index.php\/wp-json\/wp\/v2\/pages\/1911\/revisions"}],"predecessor-version":[{"id":2081,"href":"https:\/\/innove-it.net\/index.php\/wp-json\/wp\/v2\/pages\/1911\/revisions\/2081"}],"wp:attachment":[{"href":"https:\/\/innove-it.net\/index.php\/wp-json\/wp\/v2\/media?parent=1911"}],"curies":[{"name":"wp","href":"https:\/\/api.w.org\/{rel}","templated":true}]}}