{"id":1913,"date":"2025-06-25T16:14:16","date_gmt":"2025-06-25T16:14:16","guid":{"rendered":"https:\/\/innove-it.net\/?page_id=1913"},"modified":"2025-07-20T14:40:15","modified_gmt":"2025-07-20T14:40:15","slug":"sage-100c-moyens-de-paiements","status":"publish","type":"page","link":"https:\/\/innove-it.net\/index.php\/sage-100c-moyens-de-paiements\/","title":{"rendered":"Sage 100C Moyens de paiements"},"content":{"rendered":"\t\t<div data-elementor-type=\"wp-page\" data-elementor-id=\"1913\" class=\"elementor elementor-1913\">\n\t\t\t\t<div class=\"elementor-element elementor-element-f33ec22 e-con-full e-flex e-con e-parent\" data-id=\"f33ec22\" data-element_type=\"container\">\n\t\t\t\t<div class=\"elementor-element elementor-element-dba41c1 elementor-widget elementor-widget-image\" data-id=\"dba41c1\" data-element_type=\"widget\" data-widget_type=\"image.default\">\n\t\t\t\t<div class=\"elementor-widget-container\">\n\t\t\t\t\t\t\t\t\t\t\t\t\t\t\t<img fetchpriority=\"high\" decoding=\"async\" width=\"795\" height=\"346\" src=\"https:\/\/innove-it.net\/wp-content\/uploads\/2025\/07\/FP-Sage-100c-moyens-de-paiement.pdf-Personal-Microsoft\u200b-Edge-7_20_2025-1_39_28-PM.png\" class=\"attachment-large size-large wp-image-2091\" alt=\"\" srcset=\"https:\/\/innove-it.net\/wp-content\/uploads\/2025\/07\/FP-Sage-100c-moyens-de-paiement.pdf-Personal-Microsoft\u200b-Edge-7_20_2025-1_39_28-PM.png 795w, https:\/\/innove-it.net\/wp-content\/uploads\/2025\/07\/FP-Sage-100c-moyens-de-paiement.pdf-Personal-Microsoft\u200b-Edge-7_20_2025-1_39_28-PM-300x131.png 300w, https:\/\/innove-it.net\/wp-content\/uploads\/2025\/07\/FP-Sage-100c-moyens-de-paiement.pdf-Personal-Microsoft\u200b-Edge-7_20_2025-1_39_28-PM-768x334.png 768w\" sizes=\"(max-width: 795px) 100vw, 795px\" \/>\t\t\t\t\t\t\t\t\t\t\t\t\t\t\t<\/div>\n\t\t\t\t<\/div>\n\t\t\t\t<\/div>\n\t\t<div class=\"elementor-element elementor-element-3ed305c e-flex e-con-boxed e-con e-parent\" data-id=\"3ed305c\" data-element_type=\"container\">\n\t\t\t\t\t<div class=\"e-con-inner\">\n\t\t\t\t<div class=\"elementor-element elementor-element-148291b elementor-widget elementor-widget-spacer\" data-id=\"148291b\" data-element_type=\"widget\" data-widget_type=\"spacer.default\">\n\t\t\t\t<div class=\"elementor-widget-container\">\n\t\t\t\t\t\t\t<div class=\"elementor-spacer\">\n\t\t\t<div class=\"elementor-spacer-inner\"><\/div>\n\t\t<\/div>\n\t\t\t\t\t\t<\/div>\n\t\t\t\t<\/div>\n\t\t\t\t\t<\/div>\n\t\t\t\t<\/div>\n\t\t<div class=\"elementor-element elementor-element-57880fb e-flex e-con-boxed e-con e-parent\" data-id=\"57880fb\" data-element_type=\"container\">\n\t\t\t\t\t<div class=\"e-con-inner\">\n\t\t\t\t<div class=\"elementor-element elementor-element-ca48b4f elementor-widget elementor-widget-heading\" data-id=\"ca48b4f\" data-element_type=\"widget\" data-widget_type=\"heading.default\">\n\t\t\t\t<div class=\"elementor-widget-container\">\n\t\t\t\t\t<h2 class=\"elementor-heading-title elementor-size-default\">Les atouts de l'offre<\/h2>\t\t\t\t<\/div>\n\t\t\t\t<\/div>\n\t\t\t\t\t<\/div>\n\t\t\t\t<\/div>\n\t\t<div class=\"elementor-element elementor-element-6902e44 e-flex e-con-boxed e-con e-parent\" data-id=\"6902e44\" data-element_type=\"container\">\n\t\t\t\t\t<div class=\"e-con-inner\">\n\t\t<div class=\"elementor-element elementor-element-7141ae2 e-con-full e-flex e-con e-child\" data-id=\"7141ae2\" data-element_type=\"container\">\n\t\t\t\t<div class=\"elementor-element elementor-element-3ea2442 elementor-widget__width-inherit elementor-widget elementor-widget-image\" data-id=\"3ea2442\" data-element_type=\"widget\" data-widget_type=\"image.default\">\n\t\t\t\t<div class=\"elementor-widget-container\">\n\t\t\t\t\t\t\t\t\t\t\t\t\t\t\t<img decoding=\"async\" width=\"467\" height=\"302\" src=\"https:\/\/innove-it.net\/wp-content\/uploads\/2025\/01\/INNOVE-IT-1.png\" class=\"attachment-2048x2048 size-2048x2048 wp-image-1697\" alt=\"\" srcset=\"https:\/\/innove-it.net\/wp-content\/uploads\/2025\/01\/INNOVE-IT-1.png 467w, https:\/\/innove-it.net\/wp-content\/uploads\/2025\/01\/INNOVE-IT-1-300x194.png 300w\" sizes=\"(max-width: 467px) 100vw, 467px\" \/>\t\t\t\t\t\t\t\t\t\t\t\t\t\t\t<\/div>\n\t\t\t\t<\/div>\n\t\t\t\t<\/div>\n\t\t<div class=\"elementor-element elementor-element-6b1274e e-con-full e-flex e-con e-child\" data-id=\"6b1274e\" data-element_type=\"container\">\n\t\t<div class=\"elementor-element elementor-element-3d887c4 e-con-full e-flex e-con e-child\" data-id=\"3d887c4\" data-element_type=\"container\">\n\t\t<div class=\"elementor-element elementor-element-2c4227f e-grid e-con-full e-con e-child\" data-id=\"2c4227f\" data-element_type=\"container\" data-settings=\"{&quot;shape_divider_top&quot;:&quot;split&quot;}\">\n\t\t\t\t<div class=\"elementor-shape elementor-shape-top\" data-negative=\"false\">\n\t\t\t<svg xmlns=\"http:\/\/www.w3.org\/2000\/svg\" viewBox=\"0 0 1000 20\" preserveAspectRatio=\"none\">\n\t<path class=\"elementor-shape-fill\" d=\"M0,0v3c0,0,393.8,0,483.4,0c9.2,0,16.6,7.4,16.6,16.6c0-9.1,7.4-16.6,16.6-16.6C606.2,3,1000,3,1000,3V0H0z\"\/>\n<\/svg>\t\t<\/div>\n\t\t\t\t<div class=\"elementor-element elementor-element-7f9b80d elementor-widget elementor-widget-heading\" data-id=\"7f9b80d\" data-element_type=\"widget\" data-widget_type=\"heading.default\">\n\t\t\t\t<div class=\"elementor-widget-container\">\n\t\t\t\t\t<h3 class=\"elementor-heading-title elementor-size-default\">Confiance\t<\/h3>\t\t\t\t<\/div>\n\t\t\t\t<\/div>\n\t\t\t\t<div class=\"elementor-element elementor-element-cf66ba4 elementor-widget elementor-widget-heading\" data-id=\"cf66ba4\" data-element_type=\"widget\" data-widget_type=\"heading.default\">\n\t\t\t\t<div class=\"elementor-widget-container\">\n\t\t\t\t\t<h3 class=\"elementor-heading-title elementor-size-default\">Collaboratifs<\/h3>\t\t\t\t<\/div>\n\t\t\t\t<\/div>\n\t\t\t\t<div class=\"elementor-element elementor-element-a4aa420 elementor-widget elementor-widget-text-editor\" data-id=\"a4aa420\" data-element_type=\"widget\" data-widget_type=\"text-editor.default\">\n\t\t\t\t<div class=\"elementor-widget-container\">\n\t\t\t\t\t\t\t\t\t<p>Pilotez votre entreprise sereinement gr\u00e2ce aux tableaux de bord et indicateurs cl\u00e9s de votre activit\u00e9, \u00e0 l\u2019accompagnement de proximit\u00e9 et aux services Sage<\/p>\t\t\t\t\t\t\t\t<\/div>\n\t\t\t\t<\/div>\n\t\t\t\t<div class=\"elementor-element elementor-element-f4ad9da elementor-widget elementor-widget-text-editor\" data-id=\"f4ad9da\" data-element_type=\"widget\" data-widget_type=\"text-editor.default\">\n\t\t\t\t<div class=\"elementor-widget-container\">\n\t\t\t\t\t\t\t\t\t<p>Sage 100c optimise la collaboration interne et externe en centralisant et en d\u00e9mat\u00e9rialisant, sur un espace de travail partag\u00e9 s\u00e9curis\u00e9, toutes vos informations, vos factures, tous vos documents et vos lux bancaires.<\/p>\t\t\t\t\t\t\t\t<\/div>\n\t\t\t\t<\/div>\n\t\t\t\t<div class=\"elementor-element elementor-element-4ab6b09 elementor-widget elementor-widget-heading\" data-id=\"4ab6b09\" data-element_type=\"widget\" data-widget_type=\"heading.default\">\n\t\t\t\t<div class=\"elementor-widget-container\">\n\t\t\t\t\t<h3 class=\"elementor-heading-title elementor-size-default\">Connect\u00e9 <\/h3>\t\t\t\t<\/div>\n\t\t\t\t<\/div>\n\t\t\t\t<div class=\"elementor-element elementor-element-1b33d8c elementor-widget elementor-widget-heading\" data-id=\"1b33d8c\" data-element_type=\"widget\" data-widget_type=\"heading.default\">\n\t\t\t\t<div class=\"elementor-widget-container\">\n\t\t\t\t\t<h3 class=\"elementor-heading-title elementor-size-default\">Communautaire<\/h3>\t\t\t\t<\/div>\n\t\t\t\t<\/div>\n\t\t\t\t<div class=\"elementor-element elementor-element-86cc91b elementor-widget elementor-widget-text-editor\" data-id=\"86cc91b\" data-element_type=\"widget\" data-widget_type=\"text-editor.default\">\n\t\t\t\t<div class=\"elementor-widget-container\">\n\t\t\t\t\t\t\t\t\t<p>En t\u00e9l\u00e9travail, en mobilit\u00e9, acc\u00e9dez simplement et \u00e0 tout moment, \u00e0 votre solution et \u00e0 vos donn\u00e9es, sur tous vos appareils.<\/p>\t\t\t\t\t\t\t\t<\/div>\n\t\t\t\t<\/div>\n\t\t\t\t<div class=\"elementor-element elementor-element-534e11f elementor-widget elementor-widget-text-editor\" data-id=\"534e11f\" data-element_type=\"widget\" data-widget_type=\"text-editor.default\">\n\t\t\t\t<div class=\"elementor-widget-container\">\n\t\t\t\t\t\t\t\t\t<p>Suivez et \u00e9changez avec vos clients, fournisseurs, partenaires, etc. via les r\u00e9seaux sociaux*.<\/p>\t\t\t\t\t\t\t\t<\/div>\n\t\t\t\t<\/div>\n\t\t\t\t<\/div>\n\t\t\t\t<\/div>\n\t\t<div class=\"elementor-element elementor-element-8f93cfb e-con-full e-flex e-con e-child\" data-id=\"8f93cfb\" data-element_type=\"container\">\n\t\t<div class=\"elementor-element elementor-element-90cc685 e-grid e-con-full e-con e-child\" data-id=\"90cc685\" data-element_type=\"container\">\n\t\t\t\t<div class=\"elementor-element elementor-element-89c0b8b elementor-widget elementor-widget-heading\" data-id=\"89c0b8b\" data-element_type=\"widget\" data-widget_type=\"heading.default\">\n\t\t\t\t<div class=\"elementor-widget-container\">\n\t\t\t\t\t<h3 class=\"elementor-heading-title elementor-size-default\">Complet<\/h3>\t\t\t\t<\/div>\n\t\t\t\t<\/div>\n\t\t\t\t<div class=\"elementor-element elementor-element-9d3e58c elementor-widget elementor-widget-text-editor\" data-id=\"9d3e58c\" data-element_type=\"widget\" data-widget_type=\"text-editor.default\">\n\t\t\t\t<div class=\"elementor-widget-container\">\n\t\t\t\t\t\t\t\t\t<p>Sage 100c Moyens de Paiement s\u2019int\u00e8gre dans une suite de gestion compl\u00e8te, \u00e9volutive et personnalisable, avec des options \u00e0 la carte, afin de vous apporter toute la souplesse n\u00e9cessaire pour faire face aux enjeux business et structurels de votre entreprise.<\/p>\t\t\t\t\t\t\t\t<\/div>\n\t\t\t\t<\/div>\n\t\t\t\t<\/div>\n\t\t\t\t<\/div>\n\t\t\t\t<\/div>\n\t\t\t\t\t<\/div>\n\t\t\t\t<\/div>\n\t\t<div class=\"elementor-element elementor-element-901eca4 e-flex e-con-boxed e-con e-parent\" data-id=\"901eca4\" data-element_type=\"container\">\n\t\t\t\t\t<div class=\"e-con-inner\">\n\t\t\t\t<div class=\"elementor-element elementor-element-90767db elementor-widget elementor-widget-spacer\" data-id=\"90767db\" data-element_type=\"widget\" data-widget_type=\"spacer.default\">\n\t\t\t\t<div class=\"elementor-widget-container\">\n\t\t\t\t\t\t\t<div class=\"elementor-spacer\">\n\t\t\t<div class=\"elementor-spacer-inner\"><\/div>\n\t\t<\/div>\n\t\t\t\t\t\t<\/div>\n\t\t\t\t<\/div>\n\t\t\t\t\t<\/div>\n\t\t\t\t<\/div>\n\t\t<div class=\"elementor-element elementor-element-5b5c698 e-flex e-con-boxed e-con e-parent\" data-id=\"5b5c698\" data-element_type=\"container\">\n\t\t\t\t\t<div class=\"e-con-inner\">\n\t\t\t\t<div class=\"elementor-element elementor-element-7186291 elementor-align-center elementor-widget elementor-widget-button\" data-id=\"7186291\" data-element_type=\"widget\" data-widget_type=\"button.default\">\n\t\t\t\t<div class=\"elementor-widget-container\">\n\t\t\t\t\t\t\t\t\t<div class=\"elementor-button-wrapper\">\n\t\t\t\t\t<a class=\"elementor-button elementor-button-link elementor-size-sm\" href=\"http:\/\/innove-it.net\/wp-content\/uploads\/2025\/07\/FP-Sage-100c-moyens-de-paiement.pdf\">\n\t\t\t\t\t\t<span class=\"elementor-button-content-wrapper\">\n\t\t\t\t\t\t\t\t\t<span class=\"elementor-button-text\">T\u00e9l\u00e9charger<\/span>\n\t\t\t\t\t<\/span>\n\t\t\t\t\t<\/a>\n\t\t\t\t<\/div>\n\t\t\t\t\t\t\t\t<\/div>\n\t\t\t\t<\/div>\n\t\t\t\t\t<\/div>\n\t\t\t\t<\/div>\n\t\t\t\t<\/div>\n\t\t","protected":false},"excerpt":{"rendered":"<p>Les atouts de l&rsquo;offre Confiance Collaboratifs Pilotez votre entreprise sereinement gr\u00e2ce aux tableaux de bord et indicateurs cl\u00e9s de votre activit\u00e9, \u00e0 l\u2019accompagnement de proximit\u00e9 et aux services Sage Sage 100c optimise la collaboration interne et externe en centralisant et en d\u00e9mat\u00e9rialisant, sur un espace de travail partag\u00e9 s\u00e9curis\u00e9, toutes vos informations, vos factures, tous [&hellip;]<\/p>\n","protected":false},"author":1,"featured_media":0,"parent":0,"menu_order":0,"comment_status":"closed","ping_status":"closed","template":"","meta":{"_uag_custom_page_level_css":"","footnotes":""},"class_list":["post-1913","page","type-page","status-publish","hentry"],"blocksy_meta":[],"uagb_featured_image_src":{"full":false,"thumbnail":false,"medium":false,"medium_large":false,"large":false,"1536x1536":false,"2048x2048":false},"uagb_author_info":{"display_name":"admin5472","author_link":"https:\/\/innove-it.net\/index.php\/author\/admin5472\/"},"uagb_comment_info":0,"uagb_excerpt":"Les atouts de l&rsquo;offre Confiance Collaboratifs Pilotez votre entreprise sereinement gr\u00e2ce aux tableaux de bord et indicateurs cl\u00e9s de votre activit\u00e9, \u00e0 l\u2019accompagnement de proximit\u00e9 et aux services Sage Sage 100c optimise la collaboration interne et externe en centralisant et en d\u00e9mat\u00e9rialisant, sur un espace de travail partag\u00e9 s\u00e9curis\u00e9, toutes vos informations, vos factures, tous\u2026","_links":{"self":[{"href":"https:\/\/innove-it.net\/index.php\/wp-json\/wp\/v2\/pages\/1913","targetHints":{"allow":["GET"]}}],"collection":[{"href":"https:\/\/innove-it.net\/index.php\/wp-json\/wp\/v2\/pages"}],"about":[{"href":"https:\/\/innove-it.net\/index.php\/wp-json\/wp\/v2\/types\/page"}],"author":[{"embeddable":true,"href":"https:\/\/innove-it.net\/index.php\/wp-json\/wp\/v2\/users\/1"}],"replies":[{"embeddable":true,"href":"https:\/\/innove-it.net\/index.php\/wp-json\/wp\/v2\/comments?post=1913"}],"version-history":[{"count":4,"href":"https:\/\/innove-it.net\/index.php\/wp-json\/wp\/v2\/pages\/1913\/revisions"}],"predecessor-version":[{"id":2094,"href":"https:\/\/innove-it.net\/index.php\/wp-json\/wp\/v2\/pages\/1913\/revisions\/2094"}],"wp:attachment":[{"href":"https:\/\/innove-it.net\/index.php\/wp-json\/wp\/v2\/media?parent=1913"}],"curies":[{"name":"wp","href":"https:\/\/api.w.org\/{rel}","templated":true}]}}