{"id":1915,"date":"2025-06-25T16:19:10","date_gmt":"2025-06-25T16:19:10","guid":{"rendered":"https:\/\/innove-it.net\/?page_id=1915"},"modified":"2025-07-20T15:10:49","modified_gmt":"2025-07-20T15:10:49","slug":"sage100c-tresorerie","status":"publish","type":"page","link":"https:\/\/innove-it.net\/index.php\/sage100c-tresorerie\/","title":{"rendered":"Sage100C Tr\u00e9sorerie"},"content":{"rendered":"\t\t<div data-elementor-type=\"wp-page\" data-elementor-id=\"1915\" class=\"elementor elementor-1915\">\n\t\t\t\t<div class=\"elementor-element elementor-element-47e0fa8 e-con-full e-flex e-con e-parent\" data-id=\"47e0fa8\" data-element_type=\"container\">\n\t\t\t\t<div class=\"elementor-element elementor-element-1f14979 elementor-widget elementor-widget-image\" data-id=\"1f14979\" data-element_type=\"widget\" data-widget_type=\"image.default\">\n\t\t\t\t<div class=\"elementor-widget-container\">\n\t\t\t\t\t\t\t\t\t\t\t\t\t\t\t<img fetchpriority=\"high\" decoding=\"async\" width=\"653\" height=\"288\" src=\"https:\/\/innove-it.net\/wp-content\/uploads\/2025\/07\/FP-Sage-100c-tresorerie.pdf-Personal-Microsoft\u200b-Edge-7_20_2025-2_42_24-PM.png\" class=\"attachment-medium_large size-medium_large wp-image-2095\" alt=\"\" srcset=\"https:\/\/innove-it.net\/wp-content\/uploads\/2025\/07\/FP-Sage-100c-tresorerie.pdf-Personal-Microsoft\u200b-Edge-7_20_2025-2_42_24-PM.png 653w, https:\/\/innove-it.net\/wp-content\/uploads\/2025\/07\/FP-Sage-100c-tresorerie.pdf-Personal-Microsoft\u200b-Edge-7_20_2025-2_42_24-PM-300x132.png 300w\" sizes=\"(max-width: 653px) 100vw, 653px\" \/>\t\t\t\t\t\t\t\t\t\t\t\t\t\t\t<\/div>\n\t\t\t\t<\/div>\n\t\t\t\t<\/div>\n\t\t<div class=\"elementor-element elementor-element-24a7449 e-flex e-con-boxed e-con e-parent\" data-id=\"24a7449\" data-element_type=\"container\">\n\t\t\t\t\t<div class=\"e-con-inner\">\n\t\t\t\t<div class=\"elementor-element elementor-element-2608235 elementor-widget elementor-widget-spacer\" data-id=\"2608235\" data-element_type=\"widget\" data-widget_type=\"spacer.default\">\n\t\t\t\t<div class=\"elementor-widget-container\">\n\t\t\t\t\t\t\t<div class=\"elementor-spacer\">\n\t\t\t<div class=\"elementor-spacer-inner\"><\/div>\n\t\t<\/div>\n\t\t\t\t\t\t<\/div>\n\t\t\t\t<\/div>\n\t\t\t\t\t<\/div>\n\t\t\t\t<\/div>\n\t\t<div class=\"elementor-element elementor-element-a9d0a64 e-flex e-con-boxed e-con e-parent\" data-id=\"a9d0a64\" data-element_type=\"container\">\n\t\t\t\t\t<div class=\"e-con-inner\">\n\t\t\t\t<div class=\"elementor-element elementor-element-2cc10e9 elementor-widget elementor-widget-heading\" data-id=\"2cc10e9\" data-element_type=\"widget\" data-widget_type=\"heading.default\">\n\t\t\t\t<div class=\"elementor-widget-container\">\n\t\t\t\t\t<h2 class=\"elementor-heading-title elementor-size-default\">Les atouts de l'offre<\/h2>\t\t\t\t<\/div>\n\t\t\t\t<\/div>\n\t\t\t\t\t<\/div>\n\t\t\t\t<\/div>\n\t\t\t\t<section class=\"elementor-section elementor-top-section elementor-element elementor-element-xfp0ycu elementor-section-content-middle elementor-section-boxed elementor-section-height-default elementor-section-height-default\" data-id=\"xfp0ycu\" data-element_type=\"section\">\n\t\t\t\t\t\t<div class=\"elementor-container elementor-column-gap-no\">\n\t\t\t\t\t<div class=\"elementor-column elementor-col-50 elementor-top-column elementor-element elementor-element-679f1be\" data-id=\"679f1be\" data-element_type=\"column\">\n\t\t\t<div class=\"elementor-widget-wrap elementor-element-populated\">\n\t\t\t\t\t\t<div class=\"elementor-element elementor-element-2743614 elementor-widget elementor-widget-image\" data-id=\"2743614\" data-element_type=\"widget\" data-widget_type=\"image.default\">\n\t\t\t\t<div class=\"elementor-widget-container\">\n\t\t\t\t\t\t\t\t\t\t\t\t\t\t\t<img decoding=\"async\" width=\"467\" height=\"302\" src=\"https:\/\/innove-it.net\/wp-content\/uploads\/2025\/01\/INNOVE-IT-1.png\" class=\"attachment-medium_large size-medium_large wp-image-1697\" alt=\"\" srcset=\"https:\/\/innove-it.net\/wp-content\/uploads\/2025\/01\/INNOVE-IT-1.png 467w, https:\/\/innove-it.net\/wp-content\/uploads\/2025\/01\/INNOVE-IT-1-300x194.png 300w\" sizes=\"(max-width: 467px) 100vw, 467px\" \/>\t\t\t\t\t\t\t\t\t\t\t\t\t\t\t<\/div>\n\t\t\t\t<\/div>\n\t\t\t\t\t<\/div>\n\t\t<\/div>\n\t\t\t\t<div class=\"elementor-column elementor-col-50 elementor-top-column elementor-element elementor-element-e7a915a\" data-id=\"e7a915a\" data-element_type=\"column\">\n\t\t\t<div class=\"elementor-widget-wrap elementor-element-populated\">\n\t\t\t\t\t\t<section class=\"elementor-section elementor-inner-section elementor-element elementor-element-234ca48 elementor-section-boxed elementor-section-height-default elementor-section-height-default\" data-id=\"234ca48\" data-element_type=\"section\">\n\t\t\t\t\t\t<div class=\"elementor-container elementor-column-gap-no\">\n\t\t\t\t\t<div class=\"elementor-column elementor-col-50 elementor-inner-column elementor-element elementor-element-0d816b6\" data-id=\"0d816b6\" data-element_type=\"column\">\n\t\t\t<div class=\"elementor-widget-wrap elementor-element-populated\">\n\t\t\t\t\t\t<div class=\"elementor-element elementor-element-c627164 elementor-widget elementor-widget-heading\" data-id=\"c627164\" data-element_type=\"widget\" data-widget_type=\"heading.default\">\n\t\t\t\t<div class=\"elementor-widget-container\">\n\t\t\t\t\t<h3 class=\"elementor-heading-title elementor-size-medium\">Confiance<\/h3>\t\t\t\t<\/div>\n\t\t\t\t<\/div>\n\t\t\t\t<div class=\"elementor-element elementor-element-4595b33 elementor-widget elementor-widget-text-editor\" data-id=\"4595b33\" data-element_type=\"widget\" data-widget_type=\"text-editor.default\">\n\t\t\t\t<div class=\"elementor-widget-container\">\n\t\t\t\t\t\t\t\t\t<p>Pilotez votre entreprise sereinement gr\u00e2ce aux tableaux de bord et indicateurs cl\u00e9s de votre activit\u00e9, \u00e0 l\u2019accompagnement de proximit\u00e9 et aux services Sage.<\/p>\t\t\t\t\t\t\t\t<\/div>\n\t\t\t\t<\/div>\n\t\t\t\t\t<\/div>\n\t\t<\/div>\n\t\t\t\t<div class=\"elementor-column elementor-col-50 elementor-inner-column elementor-element elementor-element-4a3c054\" data-id=\"4a3c054\" data-element_type=\"column\">\n\t\t\t<div class=\"elementor-widget-wrap elementor-element-populated\">\n\t\t\t\t\t\t<div class=\"elementor-element elementor-element-4595eb4 elementor-widget elementor-widget-heading\" data-id=\"4595eb4\" data-element_type=\"widget\" data-widget_type=\"heading.default\">\n\t\t\t\t<div class=\"elementor-widget-container\">\n\t\t\t\t\t<h3 class=\"elementor-heading-title elementor-size-medium\">Collaboratifs<\/h3>\t\t\t\t<\/div>\n\t\t\t\t<\/div>\n\t\t\t\t<div class=\"elementor-element elementor-element-244b3a5 elementor-widget elementor-widget-text-editor\" data-id=\"244b3a5\" data-element_type=\"widget\" data-widget_type=\"text-editor.default\">\n\t\t\t\t<div class=\"elementor-widget-container\">\n\t\t\t\t\t\t\t\t\t<p>Sage 100c optimise la collaboration interne et externe en centralisant et en d\u00e9mat\u00e9rialisant, sur un espace de travail partag\u00e9 s\u00e9curis\u00e9, toutes vos informations, vos factures, tous vos documents et vos lux bancaires.<\/p>\t\t\t\t\t\t\t\t<\/div>\n\t\t\t\t<\/div>\n\t\t\t\t\t<\/div>\n\t\t<\/div>\n\t\t\t\t\t<\/div>\n\t\t<\/section>\n\t\t\t\t<section class=\"elementor-section elementor-inner-section elementor-element elementor-element-4a953dd elementor-section-boxed elementor-section-height-default elementor-section-height-default\" data-id=\"4a953dd\" data-element_type=\"section\">\n\t\t\t\t\t\t<div class=\"elementor-container elementor-column-gap-no\">\n\t\t\t\t\t<div class=\"elementor-column elementor-col-50 elementor-inner-column elementor-element elementor-element-b42d38f\" data-id=\"b42d38f\" data-element_type=\"column\">\n\t\t\t<div class=\"elementor-widget-wrap elementor-element-populated\">\n\t\t\t\t\t\t<div class=\"elementor-element elementor-element-9cd87cc elementor-widget elementor-widget-heading\" data-id=\"9cd87cc\" data-element_type=\"widget\" data-widget_type=\"heading.default\">\n\t\t\t\t<div class=\"elementor-widget-container\">\n\t\t\t\t\t<h3 class=\"elementor-heading-title elementor-size-medium\">Connect\u00e9<\/h3>\t\t\t\t<\/div>\n\t\t\t\t<\/div>\n\t\t\t\t<div class=\"elementor-element elementor-element-c45373d elementor-widget elementor-widget-text-editor\" data-id=\"c45373d\" data-element_type=\"widget\" data-widget_type=\"text-editor.default\">\n\t\t\t\t<div class=\"elementor-widget-container\">\n\t\t\t\t\t\t\t\t\t<p>En t\u00e9l\u00e9travail, en mobilit\u00e9, acc\u00e9dez simplement et \u00e0 tout moment, \u00e0 votre solution et \u00e0 vos donn\u00e9es, sur tous vos appareils.<\/p>\t\t\t\t\t\t\t\t<\/div>\n\t\t\t\t<\/div>\n\t\t\t\t\t<\/div>\n\t\t<\/div>\n\t\t\t\t<div class=\"elementor-column elementor-col-50 elementor-inner-column elementor-element elementor-element-651cf27\" data-id=\"651cf27\" data-element_type=\"column\">\n\t\t\t<div class=\"elementor-widget-wrap elementor-element-populated\">\n\t\t\t\t\t\t<div class=\"elementor-element elementor-element-c73c7ac elementor-widget elementor-widget-heading\" data-id=\"c73c7ac\" data-element_type=\"widget\" data-widget_type=\"heading.default\">\n\t\t\t\t<div class=\"elementor-widget-container\">\n\t\t\t\t\t<h3 class=\"elementor-heading-title elementor-size-medium\">Communautaire<\/h3>\t\t\t\t<\/div>\n\t\t\t\t<\/div>\n\t\t\t\t<div class=\"elementor-element elementor-element-69b9c99 elementor-widget elementor-widget-text-editor\" data-id=\"69b9c99\" data-element_type=\"widget\" data-widget_type=\"text-editor.default\">\n\t\t\t\t<div class=\"elementor-widget-container\">\n\t\t\t\t\t\t\t\t\t<p>Suivez et \u00e9changez avec vos clients, fournisseurs, partenaires, etc. via les r\u00e9seaux sociaux*.<\/p>\t\t\t\t\t\t\t\t<\/div>\n\t\t\t\t<\/div>\n\t\t\t\t\t<\/div>\n\t\t<\/div>\n\t\t\t\t\t<\/div>\n\t\t<\/section>\n\t\t\t\t<section class=\"elementor-section elementor-inner-section elementor-element elementor-element-d233421 elementor-section-boxed elementor-section-height-default elementor-section-height-default\" data-id=\"d233421\" data-element_type=\"section\">\n\t\t\t\t\t\t<div class=\"elementor-container elementor-column-gap-no\">\n\t\t\t\t\t<div class=\"elementor-column elementor-col-100 elementor-inner-column elementor-element elementor-element-3c1b654\" data-id=\"3c1b654\" data-element_type=\"column\">\n\t\t\t<div class=\"elementor-widget-wrap elementor-element-populated\">\n\t\t\t\t\t\t<div class=\"elementor-element elementor-element-299a2a4 elementor-widget elementor-widget-heading\" data-id=\"299a2a4\" data-element_type=\"widget\" data-widget_type=\"heading.default\">\n\t\t\t\t<div class=\"elementor-widget-container\">\n\t\t\t\t\t<h3 class=\"elementor-heading-title elementor-size-medium\">Complet<\/h3>\t\t\t\t<\/div>\n\t\t\t\t<\/div>\n\t\t\t\t<div class=\"elementor-element elementor-element-10a7aa0 elementor-widget elementor-widget-text-editor\" data-id=\"10a7aa0\" data-element_type=\"widget\" data-widget_type=\"text-editor.default\">\n\t\t\t\t<div class=\"elementor-widget-container\">\n\t\t\t\t\t\t\t\t\t<p>Sage 100c Tr\u00e9sorerie s\u2019int\u00e8gre dans une suite de gestion compl\u00e8te, \u00e9volutive et personnalisable, avec des options \u00e0 la carte, afin de vous apporter toute la souplesse n\u00e9cessaire pour faire face aux enjeux business et structurels de votre entreprise.<\/p>\t\t\t\t\t\t\t\t<\/div>\n\t\t\t\t<\/div>\n\t\t\t\t\t<\/div>\n\t\t<\/div>\n\t\t\t\t\t<\/div>\n\t\t<\/section>\n\t\t\t\t\t<\/div>\n\t\t<\/div>\n\t\t\t\t\t<\/div>\n\t\t<\/section>\n\t\t<div class=\"elementor-element elementor-element-c7e639c e-flex e-con-boxed e-con e-parent\" data-id=\"c7e639c\" data-element_type=\"container\">\n\t\t\t\t\t<div class=\"e-con-inner\">\n\t\t\t\t<div class=\"elementor-element elementor-element-96bda24 elementor-widget elementor-widget-spacer\" data-id=\"96bda24\" data-element_type=\"widget\" data-widget_type=\"spacer.default\">\n\t\t\t\t<div class=\"elementor-widget-container\">\n\t\t\t\t\t\t\t<div class=\"elementor-spacer\">\n\t\t\t<div class=\"elementor-spacer-inner\"><\/div>\n\t\t<\/div>\n\t\t\t\t\t\t<\/div>\n\t\t\t\t<\/div>\n\t\t\t\t\t<\/div>\n\t\t\t\t<\/div>\n\t\t<div class=\"elementor-element elementor-element-7dfe4a4 e-flex e-con-boxed e-con e-parent\" data-id=\"7dfe4a4\" data-element_type=\"container\">\n\t\t\t\t\t<div class=\"e-con-inner\">\n\t\t\t\t<div class=\"elementor-element elementor-element-a7c07ef elementor-button-success elementor-align-center elementor-widget elementor-widget-button\" data-id=\"a7c07ef\" data-element_type=\"widget\" data-widget_type=\"button.default\">\n\t\t\t\t<div class=\"elementor-widget-container\">\n\t\t\t\t\t\t\t\t\t<div class=\"elementor-button-wrapper\">\n\t\t\t\t\t<a class=\"elementor-button elementor-button-link elementor-size-sm\" href=\"http:\/\/innove-it.net\/wp-content\/uploads\/2025\/07\/FP-Sage-100c-tresorerie.pdf\">\n\t\t\t\t\t\t<span class=\"elementor-button-content-wrapper\">\n\t\t\t\t\t\t\t\t\t<span class=\"elementor-button-text\">T\u00e9l\u00e9charger<\/span>\n\t\t\t\t\t<\/span>\n\t\t\t\t\t<\/a>\n\t\t\t\t<\/div>\n\t\t\t\t\t\t\t\t<\/div>\n\t\t\t\t<\/div>\n\t\t\t\t\t<\/div>\n\t\t\t\t<\/div>\n\t\t\t\t<\/div>\n\t\t","protected":false},"excerpt":{"rendered":"<p>Les atouts de l&rsquo;offre Confiance Pilotez votre entreprise sereinement gr\u00e2ce aux tableaux de bord et indicateurs cl\u00e9s de votre activit\u00e9, \u00e0 l\u2019accompagnement de proximit\u00e9 et aux services Sage. Collaboratifs Sage 100c optimise la collaboration interne et externe en centralisant et en d\u00e9mat\u00e9rialisant, sur un espace de travail partag\u00e9 s\u00e9curis\u00e9, toutes vos informations, vos factures, tous [&hellip;]<\/p>\n","protected":false},"author":1,"featured_media":0,"parent":0,"menu_order":0,"comment_status":"closed","ping_status":"closed","template":"","meta":{"_uag_custom_page_level_css":"","footnotes":""},"class_list":["post-1915","page","type-page","status-publish","hentry"],"blocksy_meta":[],"uagb_featured_image_src":{"full":false,"thumbnail":false,"medium":false,"medium_large":false,"large":false,"1536x1536":false,"2048x2048":false},"uagb_author_info":{"display_name":"admin5472","author_link":"https:\/\/innove-it.net\/index.php\/author\/admin5472\/"},"uagb_comment_info":0,"uagb_excerpt":"Les atouts de l&rsquo;offre Confiance Pilotez votre entreprise sereinement gr\u00e2ce aux tableaux de bord et indicateurs cl\u00e9s de votre activit\u00e9, \u00e0 l\u2019accompagnement de proximit\u00e9 et aux services Sage. Collaboratifs Sage 100c optimise la collaboration interne et externe en centralisant et en d\u00e9mat\u00e9rialisant, sur un espace de travail partag\u00e9 s\u00e9curis\u00e9, toutes vos informations, vos factures, tous\u2026","_links":{"self":[{"href":"https:\/\/innove-it.net\/index.php\/wp-json\/wp\/v2\/pages\/1915","targetHints":{"allow":["GET"]}}],"collection":[{"href":"https:\/\/innove-it.net\/index.php\/wp-json\/wp\/v2\/pages"}],"about":[{"href":"https:\/\/innove-it.net\/index.php\/wp-json\/wp\/v2\/types\/page"}],"author":[{"embeddable":true,"href":"https:\/\/innove-it.net\/index.php\/wp-json\/wp\/v2\/users\/1"}],"replies":[{"embeddable":true,"href":"https:\/\/innove-it.net\/index.php\/wp-json\/wp\/v2\/comments?post=1915"}],"version-history":[{"count":4,"href":"https:\/\/innove-it.net\/index.php\/wp-json\/wp\/v2\/pages\/1915\/revisions"}],"predecessor-version":[{"id":2101,"href":"https:\/\/innove-it.net\/index.php\/wp-json\/wp\/v2\/pages\/1915\/revisions\/2101"}],"wp:attachment":[{"href":"https:\/\/innove-it.net\/index.php\/wp-json\/wp\/v2\/media?parent=1915"}],"curies":[{"name":"wp","href":"https:\/\/api.w.org\/{rel}","templated":true}]}}